{"id":34061,"date":"2025-11-26T14:44:24","date_gmt":"2025-11-26T14:44:24","guid":{"rendered":"https:\/\/oxybarica.com\/?page_id=34061"},"modified":"2025-12-15T11:23:39","modified_gmt":"2025-12-15T11:23:39","slug":"oxylife-rescue","status":"publish","type":"page","link":"https:\/\/oxybarica.com\/en\/oxylife-rescue\/","title":{"rendered":"Oxylife Rescue"},"content":{"rendered":"\t\t<div data-elementor-type=\"wp-page\" data-elementor-id=\"34061\" class=\"elementor elementor-34061 elementor-34045\">\n\t\t\t\t<div class=\"elementor-element elementor-element-88c7e08 e-flex e-con-boxed e-con e-parent\" data-id=\"88c7e08\" data-element_type=\"container\" data-e-type=\"container\">\n\t\t\t\t\t<div class=\"e-con-inner\">\n\t\t<div class=\"elementor-element elementor-element-d05bf17 e-con-full e-flex e-con e-child\" data-id=\"d05bf17\" data-element_type=\"container\" data-e-type=\"container\">\n\t\t\t\t<div class=\"elementor-element elementor-element-82e868b elementor-widget elementor-widget-heading\" data-id=\"82e868b\" data-element_type=\"widget\" data-e-type=\"widget\" data-widget_type=\"heading.default\">\n\t\t\t\t<div class=\"elementor-widget-container\">\n\t\t\t\t\t<h2 class=\"elementor-heading-title elementor-size-default\">Oxylife Rescue Hyperbaric Chamber<\/h2>\t\t\t\t<\/div>\n\t\t\t\t<\/div>\n\t\t\t\t<div class=\"elementor-element elementor-element-766cc66 elementor-widget-divider--view-line elementor-widget elementor-widget-divider\" data-id=\"766cc66\" data-element_type=\"widget\" data-e-type=\"widget\" data-widget_type=\"divider.default\">\n\t\t\t\t<div class=\"elementor-widget-container\">\n\t\t\t\t\t\t\t<div class=\"elementor-divider\">\n\t\t\t<span class=\"elementor-divider-separator\">\n\t\t\t\t\t\t<\/span>\n\t\t<\/div>\n\t\t\t\t\t\t<\/div>\n\t\t\t\t<\/div>\n\t\t\t\t<div class=\"elementor-element elementor-element-59fbd4f elementor-widget elementor-widget-text-editor\" data-id=\"59fbd4f\" data-element_type=\"widget\" data-e-type=\"widget\" data-widget_type=\"text-editor.default\">\n\t\t\t\t<div class=\"elementor-widget-container\">\n\t\t\t\t\t\t\t\t\t<p>Oxylife Rescue is primarily used for the transport of divers under pressure from the accident area to a main hyperbaric medical facility at the hospital.<\/p>\t\t\t\t\t\t\t\t<\/div>\n\t\t\t\t<\/div>\n\t\t<div class=\"elementor-element elementor-element-ba68572 e-grid e-con-full elementor-hidden-tablet e-con e-child\" data-id=\"ba68572\" data-element_type=\"container\" data-e-type=\"container\">\n\t\t\t\t<div class=\"elementor-element elementor-element-a1b06ea elementor-widget elementor-widget-text-editor\" data-id=\"a1b06ea\" data-element_type=\"widget\" data-e-type=\"widget\" data-widget_type=\"text-editor.default\">\n\t\t\t\t<div class=\"elementor-widget-container\">\n\t\t\t\t\t\t\t\t\t<p>Inner Diameter<\/p>\t\t\t\t\t\t\t\t<\/div>\n\t\t\t\t<\/div>\n\t\t\t\t<div class=\"elementor-element elementor-element-dcbbd27 elementor-widget elementor-widget-text-editor\" data-id=\"dcbbd27\" data-element_type=\"widget\" data-e-type=\"widget\" data-widget_type=\"text-editor.default\">\n\t\t\t\t<div class=\"elementor-widget-container\">\n\t\t\t\t\t\t\t\t\t<p>1334 mm<\/p>\t\t\t\t\t\t\t\t<\/div>\n\t\t\t\t<\/div>\n\t\t\t\t<div class=\"elementor-element elementor-element-9c60d57 elementor-widget elementor-widget-text-editor\" data-id=\"9c60d57\" data-element_type=\"widget\" data-e-type=\"widget\" data-widget_type=\"text-editor.default\">\n\t\t\t\t<div class=\"elementor-widget-container\">\n\t\t\t\t\t\t\t\t\t<p>Length<\/p>\t\t\t\t\t\t\t\t<\/div>\n\t\t\t\t<\/div>\n\t\t\t\t<div class=\"elementor-element elementor-element-1cc65ba elementor-widget elementor-widget-text-editor\" data-id=\"1cc65ba\" data-element_type=\"widget\" data-e-type=\"widget\" data-widget_type=\"text-editor.default\">\n\t\t\t\t<div class=\"elementor-widget-container\">\n\t\t\t\t\t\t\t\t\t<p>2.73 metres<\/p>\t\t\t\t\t\t\t\t<\/div>\n\t\t\t\t<\/div>\n\t\t\t\t<div class=\"elementor-element elementor-element-e5f9f77 elementor-widget elementor-widget-text-editor\" data-id=\"e5f9f77\" data-element_type=\"widget\" data-e-type=\"widget\" data-widget_type=\"text-editor.default\">\n\t\t\t\t<div class=\"elementor-widget-container\">\n\t\t\t\t\t\t\t\t\t<p>Volume<\/p>\t\t\t\t\t\t\t\t<\/div>\n\t\t\t\t<\/div>\n\t\t\t\t<div class=\"elementor-element elementor-element-4c1b8b4 elementor-widget elementor-widget-text-editor\" data-id=\"4c1b8b4\" data-element_type=\"widget\" data-e-type=\"widget\" data-widget_type=\"text-editor.default\">\n\t\t\t\t<div class=\"elementor-widget-container\">\n\t\t\t\t\t\t\t\t\t<p>2.25 cubic metres<\/p>\t\t\t\t\t\t\t\t<\/div>\n\t\t\t\t<\/div>\n\t\t\t\t<div class=\"elementor-element elementor-element-c78d117 elementor-widget elementor-widget-text-editor\" data-id=\"c78d117\" data-element_type=\"widget\" data-e-type=\"widget\" data-widget_type=\"text-editor.default\">\n\t\t\t\t<div class=\"elementor-widget-container\">\n\t\t\t\t\t\t\t\t\t<p>Weight<\/p>\t\t\t\t\t\t\t\t<\/div>\n\t\t\t\t<\/div>\n\t\t\t\t<div class=\"elementor-element elementor-element-db652fa elementor-widget elementor-widget-text-editor\" data-id=\"db652fa\" data-element_type=\"widget\" data-e-type=\"widget\" data-widget_type=\"text-editor.default\">\n\t\t\t\t<div class=\"elementor-widget-container\">\n\t\t\t\t\t\t\t\t\t<p>Approx. 850 kg.<\/p>\t\t\t\t\t\t\t\t<\/div>\n\t\t\t\t<\/div>\n\t\t\t\t<\/div>\n\t\t<div class=\"elementor-element elementor-element-1b6c897 e-grid e-con-full elementor-hidden-tablet e-con e-child\" data-id=\"1b6c897\" data-element_type=\"container\" data-e-type=\"container\">\n\t\t\t\t<div class=\"elementor-element elementor-element-c95b4b2 elementor-align-center elementor-widget elementor-widget-button\" data-id=\"c95b4b2\" data-element_type=\"widget\" data-e-type=\"widget\" data-widget_type=\"button.default\">\n\t\t\t\t<div class=\"elementor-widget-container\">\n\t\t\t\t\t\t\t\t\t<div class=\"elementor-button-wrapper\">\n\t\t\t\t\t<a class=\"elementor-button elementor-button-link elementor-size-sm\" href=\"https:\/\/oxybarica.com\/wp-content\/uploads\/2025\/12\/Oxylife-RESCUE-CAT-ES-ENG-Light.pdf\">\n\t\t\t\t\t\t<span class=\"elementor-button-content-wrapper\">\n\t\t\t\t\t\t\t\t\t<span class=\"elementor-button-text\">More information<\/span>\n\t\t\t\t\t<\/span>\n\t\t\t\t\t<\/a>\n\t\t\t\t<\/div>\n\t\t\t\t\t\t\t\t<\/div>\n\t\t\t\t<\/div>\n\t\t\t\t<div class=\"elementor-element elementor-element-801cb1f elementor-align-center elementor-widget elementor-widget-button\" data-id=\"801cb1f\" data-element_type=\"widget\" data-e-type=\"widget\" data-widget_type=\"button.default\">\n\t\t\t\t<div class=\"elementor-widget-container\">\n\t\t\t\t\t\t\t\t\t<div class=\"elementor-button-wrapper\">\n\t\t\t\t\t<a class=\"elementor-button elementor-button-link elementor-size-sm\" href=\"https:\/\/oxybarica.com\/en\/contact\/\">\n\t\t\t\t\t\t<span class=\"elementor-button-content-wrapper\">\n\t\t\t\t\t\t\t\t\t<span class=\"elementor-button-text\">I'm interested<\/span>\n\t\t\t\t\t<\/span>\n\t\t\t\t\t<\/a>\n\t\t\t\t<\/div>\n\t\t\t\t\t\t\t\t<\/div>\n\t\t\t\t<\/div>\n\t\t\t\t<\/div>\n\t\t\t\t<\/div>\n\t\t\t\t<div class=\"elementor-element elementor-element-b25e1a8 elementor-widget__width-initial elementor-widget elementor-widget-spacer\" data-id=\"b25e1a8\" data-element_type=\"widget\" data-e-type=\"widget\" data-widget_type=\"spacer.default\">\n\t\t\t\t<div class=\"elementor-widget-container\">\n\t\t\t\t\t\t\t<div class=\"elementor-spacer\">\n\t\t\t<div class=\"elementor-spacer-inner\"><\/div>\n\t\t<\/div>\n\t\t\t\t\t\t<\/div>\n\t\t\t\t<\/div>\n\t\t<div class=\"elementor-element elementor-element-0032eeb e-con-full e-flex e-con e-child\" data-id=\"0032eeb\" data-element_type=\"container\" data-e-type=\"container\">\n\t\t\t\t<div class=\"elementor-element elementor-element-23820cb elementor-widget elementor-widget-image\" data-id=\"23820cb\" data-element_type=\"widget\" data-e-type=\"widget\" data-widget_type=\"image.default\">\n\t\t\t\t<div class=\"elementor-widget-container\">\n\t\t\t\t\t\t\t\t\t\t\t\t\t\t\t<img fetchpriority=\"high\" decoding=\"async\" width=\"600\" height=\"600\" src=\"https:\/\/oxybarica.com\/wp-content\/uploads\/2025\/11\/Rescue-sin-marcas-scaled-e1764086233954-600x600.jpg\" class=\"attachment-cuadrado size-cuadrado wp-image-34060\" alt=\"\" srcset=\"https:\/\/oxybarica.com\/wp-content\/uploads\/2025\/11\/Rescue-sin-marcas-scaled-e1764086233954-600x600.jpg 600w, https:\/\/oxybarica.com\/wp-content\/uploads\/2025\/11\/Rescue-sin-marcas-scaled-e1764086233954-150x150.jpg 150w\" sizes=\"(max-width: 600px) 100vw, 600px\" \/>\t\t\t\t\t\t\t\t\t\t\t\t\t\t\t<\/div>\n\t\t\t\t<\/div>\n\t\t\t\t<\/div>\n\t\t\t\t\t<\/div>\n\t\t\t\t<\/div>\n\t\t<div class=\"elementor-element elementor-element-8d222d7 elementor-hidden-desktop elementor-hidden-mobile e-flex e-con-boxed e-con e-parent\" data-id=\"8d222d7\" data-element_type=\"container\" data-e-type=\"container\">\n\t\t\t\t\t<div class=\"e-con-inner\">\n\t\t<div class=\"elementor-element elementor-element-5b29a73 e-grid e-con-full e-con e-child\" data-id=\"5b29a73\" data-element_type=\"container\" data-e-type=\"container\">\n\t\t\t\t<div class=\"elementor-element elementor-element-415176a elementor-widget elementor-widget-text-editor\" data-id=\"415176a\" data-element_type=\"widget\" data-e-type=\"widget\" data-widget_type=\"text-editor.default\">\n\t\t\t\t<div class=\"elementor-widget-container\">\n\t\t\t\t\t\t\t\t\t<p>Inner Diameter<\/p>\t\t\t\t\t\t\t\t<\/div>\n\t\t\t\t<\/div>\n\t\t\t\t<div class=\"elementor-element elementor-element-db78ef8 elementor-widget elementor-widget-text-editor\" data-id=\"db78ef8\" data-element_type=\"widget\" data-e-type=\"widget\" data-widget_type=\"text-editor.default\">\n\t\t\t\t<div class=\"elementor-widget-container\">\n\t\t\t\t\t\t\t\t\t<p>1334 mm<\/p>\t\t\t\t\t\t\t\t<\/div>\n\t\t\t\t<\/div>\n\t\t\t\t<div class=\"elementor-element elementor-element-88e8f62 elementor-widget elementor-widget-text-editor\" data-id=\"88e8f62\" data-element_type=\"widget\" data-e-type=\"widget\" data-widget_type=\"text-editor.default\">\n\t\t\t\t<div class=\"elementor-widget-container\">\n\t\t\t\t\t\t\t\t\t<p>Length<\/p>\t\t\t\t\t\t\t\t<\/div>\n\t\t\t\t<\/div>\n\t\t\t\t<div class=\"elementor-element elementor-element-2b592cf elementor-widget elementor-widget-text-editor\" data-id=\"2b592cf\" data-element_type=\"widget\" data-e-type=\"widget\" data-widget_type=\"text-editor.default\">\n\t\t\t\t<div class=\"elementor-widget-container\">\n\t\t\t\t\t\t\t\t\t<p>2.73 metres<\/p>\t\t\t\t\t\t\t\t<\/div>\n\t\t\t\t<\/div>\n\t\t\t\t<div class=\"elementor-element elementor-element-62eed18 elementor-widget elementor-widget-text-editor\" data-id=\"62eed18\" data-element_type=\"widget\" data-e-type=\"widget\" data-widget_type=\"text-editor.default\">\n\t\t\t\t<div class=\"elementor-widget-container\">\n\t\t\t\t\t\t\t\t\t<p>Volume<\/p>\t\t\t\t\t\t\t\t<\/div>\n\t\t\t\t<\/div>\n\t\t\t\t<div class=\"elementor-element elementor-element-9a9a69a elementor-widget elementor-widget-text-editor\" data-id=\"9a9a69a\" data-element_type=\"widget\" data-e-type=\"widget\" data-widget_type=\"text-editor.default\">\n\t\t\t\t<div class=\"elementor-widget-container\">\n\t\t\t\t\t\t\t\t\t<p>2.25 cubic metres<\/p>\t\t\t\t\t\t\t\t<\/div>\n\t\t\t\t<\/div>\n\t\t\t\t<div class=\"elementor-element elementor-element-33656d9 elementor-widget elementor-widget-text-editor\" data-id=\"33656d9\" data-element_type=\"widget\" data-e-type=\"widget\" data-widget_type=\"text-editor.default\">\n\t\t\t\t<div class=\"elementor-widget-container\">\n\t\t\t\t\t\t\t\t\t<p>Weight<\/p>\t\t\t\t\t\t\t\t<\/div>\n\t\t\t\t<\/div>\n\t\t\t\t<div class=\"elementor-element elementor-element-ac29940 elementor-widget elementor-widget-text-editor\" data-id=\"ac29940\" data-element_type=\"widget\" data-e-type=\"widget\" data-widget_type=\"text-editor.default\">\n\t\t\t\t<div class=\"elementor-widget-container\">\n\t\t\t\t\t\t\t\t\t<p>Approx. 850 kg.<\/p>\t\t\t\t\t\t\t\t<\/div>\n\t\t\t\t<\/div>\n\t\t\t\t<\/div>\n\t\t<div class=\"elementor-element elementor-element-02af524 e-grid e-con-full e-con e-child\" data-id=\"02af524\" data-element_type=\"container\" data-e-type=\"container\">\n\t\t\t\t<div class=\"elementor-element elementor-element-4a79861 elementor-align-left elementor-widget elementor-widget-button\" data-id=\"4a79861\" data-element_type=\"widget\" data-e-type=\"widget\" data-widget_type=\"button.default\">\n\t\t\t\t<div class=\"elementor-widget-container\">\n\t\t\t\t\t\t\t\t\t<div class=\"elementor-button-wrapper\">\n\t\t\t\t\t<a class=\"elementor-button elementor-button-link elementor-size-sm\" href=\"https:\/\/oxybarica.com\/wp-content\/uploads\/2025\/12\/Oxylife-RESCUE-CAT-ES-ENG-Light.pdf\">\n\t\t\t\t\t\t<span class=\"elementor-button-content-wrapper\">\n\t\t\t\t\t\t\t\t\t<span class=\"elementor-button-text\">More information<\/span>\n\t\t\t\t\t<\/span>\n\t\t\t\t\t<\/a>\n\t\t\t\t<\/div>\n\t\t\t\t\t\t\t\t<\/div>\n\t\t\t\t<\/div>\n\t\t\t\t<div class=\"elementor-element elementor-element-2f71d4c elementor-align-left elementor-widget elementor-widget-button\" data-id=\"2f71d4c\" data-element_type=\"widget\" data-e-type=\"widget\" data-widget_type=\"button.default\">\n\t\t\t\t<div class=\"elementor-widget-container\">\n\t\t\t\t\t\t\t\t\t<div class=\"elementor-button-wrapper\">\n\t\t\t\t\t<a class=\"elementor-button elementor-button-link elementor-size-sm\" href=\"https:\/\/oxybarica.com\/en\/contact\/\">\n\t\t\t\t\t\t<span class=\"elementor-button-content-wrapper\">\n\t\t\t\t\t\t\t\t\t<span class=\"elementor-button-text\">I'm interested<\/span>\n\t\t\t\t\t<\/span>\n\t\t\t\t\t<\/a>\n\t\t\t\t<\/div>\n\t\t\t\t\t\t\t\t<\/div>\n\t\t\t\t<\/div>\n\t\t\t\t<\/div>\n\t\t\t\t\t<\/div>\n\t\t\t\t<\/div>\n\t\t<div class=\"elementor-element elementor-element-0e8aa0f e-flex e-con-boxed e-con e-parent\" data-id=\"0e8aa0f\" data-element_type=\"container\" data-e-type=\"container\">\n\t\t\t\t\t<div class=\"e-con-inner\">\n\t\t<div class=\"elementor-element elementor-element-c0cedd0 e-con-full e-flex e-con e-child\" data-id=\"c0cedd0\" data-element_type=\"container\" data-e-type=\"container\" data-settings=\"{&quot;background_background&quot;:&quot;classic&quot;}\">\n\t\t\t\t<div class=\"elementor-element elementor-element-323b19d elementor-widget elementor-widget-heading\" data-id=\"323b19d\" data-element_type=\"widget\" data-e-type=\"widget\" data-widget_type=\"heading.default\">\n\t\t\t\t<div class=\"elementor-widget-container\">\n\t\t\t\t\t<h2 class=\"elementor-heading-title elementor-size-default\">Manufacturer with health license no. 8999-PS<\/h2>\t\t\t\t<\/div>\n\t\t\t\t<\/div>\n\t\t\t\t<div class=\"elementor-element elementor-element-d8f6db6 elementor-widget-divider--view-line elementor-widget elementor-widget-divider\" data-id=\"d8f6db6\" data-element_type=\"widget\" data-e-type=\"widget\" data-widget_type=\"divider.default\">\n\t\t\t\t<div class=\"elementor-widget-container\">\n\t\t\t\t\t\t\t<div class=\"elementor-divider\">\n\t\t\t<span class=\"elementor-divider-separator\">\n\t\t\t\t\t\t<\/span>\n\t\t<\/div>\n\t\t\t\t\t\t<\/div>\n\t\t\t\t<\/div>\n\t\t\t\t<div class=\"elementor-element elementor-element-875fd68 elementor-widget elementor-widget-text-editor\" data-id=\"875fd68\" data-element_type=\"widget\" data-e-type=\"widget\" data-widget_type=\"text-editor.default\">\n\t\t\t\t<div class=\"elementor-widget-container\">\n\t\t\t\t\t\t\t\t\t<p> <\/p><p><small>CE Pressure Equipment, CE Sanitary Equipment ISO 13485; ISO 9001<\/small><\/p><p> <\/p><p><small>Oxybarica certifies its products in different parts of the world, in America (ASME) and Europe (Spanish Medicines Agency 8999 PS CE marked pressure equipment audited by TUV Nord, CE marked sanitary equipment audited by SGS), which demonstrates our quality and commitment to our customers and projects.<\/small><\/p>\t\t\t\t\t\t\t\t<\/div>\n\t\t\t\t<\/div>\n\t\t\t\t<\/div>\n\t\t\t\t\t<\/div>\n\t\t\t\t<\/div>\n\t\t\t\t<\/div>\n\t\t","protected":false},"excerpt":{"rendered":"<p>Oxylife Rescue Hyperbaric Chamber Oxylife Rescue is primarily used for the transport of divers under pressure from the accident area to a main hyperbaric medical facility at the hospital. Inner Diameter 1334 mm Length 2.73 metres Volume 2.25 cubic metres Weight Approx. 850 kg. More information I&#8217;m interested Inner Diameter 1334 mm Length 2.73 metres [&hellip;]<\/p>\n","protected":false},"author":7,"featured_media":34060,"parent":0,"menu_order":0,"comment_status":"closed","ping_status":"closed","template":"","meta":{"_acf_changed":false,"footnotes":""},"class_list":["post-34061","page","type-page","status-publish","has-post-thumbnail","hentry"],"acf":[],"yoast_head":"<!-- This site is optimized with the Yoast SEO plugin v27.4 - https:\/\/yoast.com\/product\/yoast-seo-wordpress\/ -->\n<title>Oxylife Rescue - Oxybarica<\/title>\n<meta name=\"description\" content=\"Oxylife Rescue is primarily used for pressurised transport from an accident site to a hyperbaric medical facility.\" \/>\n<meta name=\"robots\" content=\"index, follow, max-snippet:-1, max-image-preview:large, max-video-preview:-1\" \/>\n<link rel=\"canonical\" href=\"https:\/\/oxybarica.com\/en\/oxylife-rescue\/\" \/>\n<meta property=\"og:locale\" content=\"en_US\" \/>\n<meta property=\"og:type\" content=\"article\" \/>\n<meta property=\"og:title\" content=\"Oxylife Rescue - Oxybarica\" \/>\n<meta property=\"og:description\" content=\"Oxylife Rescue is primarily used for pressurised transport from an accident site to a hyperbaric medical facility.\" \/>\n<meta property=\"og:url\" content=\"https:\/\/oxybarica.com\/en\/oxylife-rescue\/\" \/>\n<meta property=\"og:site_name\" content=\"Oxybarica\" \/>\n<meta property=\"article:publisher\" content=\"https:\/\/www.facebook.com\/profile.php?id=100068342678018\" \/>\n<meta property=\"article:modified_time\" content=\"2025-12-15T11:23:39+00:00\" \/>\n<meta property=\"og:image\" content=\"https:\/\/oxybarica.com\/wp-content\/uploads\/2025\/11\/Rescue-sin-marcas-scaled-e1764146557353.jpg\" \/>\n\t<meta property=\"og:image:width\" content=\"2172\" \/>\n\t<meta property=\"og:image:height\" content=\"1920\" \/>\n\t<meta property=\"og:image:type\" content=\"image\/jpeg\" \/>\n<meta name=\"twitter:card\" content=\"summary_large_image\" \/>\n<meta name=\"twitter:label1\" content=\"Est. reading time\" \/>\n\t<meta name=\"twitter:data1\" content=\"1 minute\" \/>\n<script type=\"application\/ld+json\" class=\"yoast-schema-graph\">{\"@context\":\"https:\\\/\\\/schema.org\",\"@graph\":[{\"@type\":\"WebPage\",\"@id\":\"https:\\\/\\\/oxybarica.com\\\/en\\\/oxylife-rescue\\\/\",\"url\":\"https:\\\/\\\/oxybarica.com\\\/en\\\/oxylife-rescue\\\/\",\"name\":\"Oxylife Rescue - Oxybarica\",\"isPartOf\":{\"@id\":\"https:\\\/\\\/oxybarica.com\\\/#website\"},\"primaryImageOfPage\":{\"@id\":\"https:\\\/\\\/oxybarica.com\\\/en\\\/oxylife-rescue\\\/#primaryimage\"},\"image\":{\"@id\":\"https:\\\/\\\/oxybarica.com\\\/en\\\/oxylife-rescue\\\/#primaryimage\"},\"thumbnailUrl\":\"https:\\\/\\\/oxybarica.com\\\/wp-content\\\/uploads\\\/2025\\\/11\\\/Rescue-sin-marcas-scaled-e1764146557353.jpg\",\"datePublished\":\"2025-11-26T14:44:24+00:00\",\"dateModified\":\"2025-12-15T11:23:39+00:00\",\"description\":\"Oxylife Rescue is primarily used for pressurised transport from an accident site to a hyperbaric medical facility.\",\"breadcrumb\":{\"@id\":\"https:\\\/\\\/oxybarica.com\\\/en\\\/oxylife-rescue\\\/#breadcrumb\"},\"inLanguage\":\"en-US\",\"potentialAction\":[{\"@type\":\"ReadAction\",\"target\":[\"https:\\\/\\\/oxybarica.com\\\/en\\\/oxylife-rescue\\\/\"]}]},{\"@type\":\"ImageObject\",\"inLanguage\":\"en-US\",\"@id\":\"https:\\\/\\\/oxybarica.com\\\/en\\\/oxylife-rescue\\\/#primaryimage\",\"url\":\"https:\\\/\\\/oxybarica.com\\\/wp-content\\\/uploads\\\/2025\\\/11\\\/Rescue-sin-marcas-scaled-e1764146557353.jpg\",\"contentUrl\":\"https:\\\/\\\/oxybarica.com\\\/wp-content\\\/uploads\\\/2025\\\/11\\\/Rescue-sin-marcas-scaled-e1764146557353.jpg\",\"width\":2172,\"height\":1920},{\"@type\":\"BreadcrumbList\",\"@id\":\"https:\\\/\\\/oxybarica.com\\\/en\\\/oxylife-rescue\\\/#breadcrumb\",\"itemListElement\":[{\"@type\":\"ListItem\",\"position\":1,\"name\":\"Portada\",\"item\":\"https:\\\/\\\/oxybarica.com\\\/en\\\/home-2\\\/\"},{\"@type\":\"ListItem\",\"position\":2,\"name\":\"Oxylife Rescue\"}]},{\"@type\":\"WebSite\",\"@id\":\"https:\\\/\\\/oxybarica.com\\\/#website\",\"url\":\"https:\\\/\\\/oxybarica.com\\\/\",\"name\":\"Oxybarica\",\"description\":\"Empresa espa\u00f1ola fabricante de c\u00e1maras hiperb\u00e1ricas\",\"publisher\":{\"@id\":\"https:\\\/\\\/oxybarica.com\\\/#organization\"},\"potentialAction\":[{\"@type\":\"SearchAction\",\"target\":{\"@type\":\"EntryPoint\",\"urlTemplate\":\"https:\\\/\\\/oxybarica.com\\\/?s={search_term_string}\"},\"query-input\":{\"@type\":\"PropertyValueSpecification\",\"valueRequired\":true,\"valueName\":\"search_term_string\"}}],\"inLanguage\":\"en-US\"},{\"@type\":\"Organization\",\"@id\":\"https:\\\/\\\/oxybarica.com\\\/#organization\",\"name\":\"Oxybarica\",\"url\":\"https:\\\/\\\/oxybarica.com\\\/\",\"logo\":{\"@type\":\"ImageObject\",\"inLanguage\":\"en-US\",\"@id\":\"https:\\\/\\\/oxybarica.com\\\/#\\\/schema\\\/logo\\\/image\\\/\",\"url\":\"https:\\\/\\\/oxybarica.com\\\/wp-content\\\/uploads\\\/2022\\\/05\\\/OXYBARICA-ING-WEB-2.jpg\",\"contentUrl\":\"https:\\\/\\\/oxybarica.com\\\/wp-content\\\/uploads\\\/2022\\\/05\\\/OXYBARICA-ING-WEB-2.jpg\",\"width\":1083,\"height\":414,\"caption\":\"Oxybarica\"},\"image\":{\"@id\":\"https:\\\/\\\/oxybarica.com\\\/#\\\/schema\\\/logo\\\/image\\\/\"},\"sameAs\":[\"https:\\\/\\\/www.facebook.com\\\/profile.php?id=100068342678018\",\"https:\\\/\\\/www.instagram.com\\\/oxybarica\\\/\"]}]}<\/script>\n<!-- \/ Yoast SEO plugin. -->","yoast_head_json":{"title":"Oxylife Rescue - Oxybarica","description":"Oxylife Rescue is primarily used for pressurised transport from an accident site to a hyperbaric medical facility.","robots":{"index":"index","follow":"follow","max-snippet":"max-snippet:-1","max-image-preview":"max-image-preview:large","max-video-preview":"max-video-preview:-1"},"canonical":"https:\/\/oxybarica.com\/en\/oxylife-rescue\/","og_locale":"en_US","og_type":"article","og_title":"Oxylife Rescue - Oxybarica","og_description":"Oxylife Rescue is primarily used for pressurised transport from an accident site to a hyperbaric medical facility.","og_url":"https:\/\/oxybarica.com\/en\/oxylife-rescue\/","og_site_name":"Oxybarica","article_publisher":"https:\/\/www.facebook.com\/profile.php?id=100068342678018","article_modified_time":"2025-12-15T11:23:39+00:00","og_image":[{"width":2172,"height":1920,"url":"https:\/\/oxybarica.com\/wp-content\/uploads\/2025\/11\/Rescue-sin-marcas-scaled-e1764146557353.jpg","type":"image\/jpeg"}],"twitter_card":"summary_large_image","twitter_misc":{"Est. reading time":"1 minute"},"schema":{"@context":"https:\/\/schema.org","@graph":[{"@type":"WebPage","@id":"https:\/\/oxybarica.com\/en\/oxylife-rescue\/","url":"https:\/\/oxybarica.com\/en\/oxylife-rescue\/","name":"Oxylife Rescue - Oxybarica","isPartOf":{"@id":"https:\/\/oxybarica.com\/#website"},"primaryImageOfPage":{"@id":"https:\/\/oxybarica.com\/en\/oxylife-rescue\/#primaryimage"},"image":{"@id":"https:\/\/oxybarica.com\/en\/oxylife-rescue\/#primaryimage"},"thumbnailUrl":"https:\/\/oxybarica.com\/wp-content\/uploads\/2025\/11\/Rescue-sin-marcas-scaled-e1764146557353.jpg","datePublished":"2025-11-26T14:44:24+00:00","dateModified":"2025-12-15T11:23:39+00:00","description":"Oxylife Rescue is primarily used for pressurised transport from an accident site to a hyperbaric medical facility.","breadcrumb":{"@id":"https:\/\/oxybarica.com\/en\/oxylife-rescue\/#breadcrumb"},"inLanguage":"en-US","potentialAction":[{"@type":"ReadAction","target":["https:\/\/oxybarica.com\/en\/oxylife-rescue\/"]}]},{"@type":"ImageObject","inLanguage":"en-US","@id":"https:\/\/oxybarica.com\/en\/oxylife-rescue\/#primaryimage","url":"https:\/\/oxybarica.com\/wp-content\/uploads\/2025\/11\/Rescue-sin-marcas-scaled-e1764146557353.jpg","contentUrl":"https:\/\/oxybarica.com\/wp-content\/uploads\/2025\/11\/Rescue-sin-marcas-scaled-e1764146557353.jpg","width":2172,"height":1920},{"@type":"BreadcrumbList","@id":"https:\/\/oxybarica.com\/en\/oxylife-rescue\/#breadcrumb","itemListElement":[{"@type":"ListItem","position":1,"name":"Portada","item":"https:\/\/oxybarica.com\/en\/home-2\/"},{"@type":"ListItem","position":2,"name":"Oxylife Rescue"}]},{"@type":"WebSite","@id":"https:\/\/oxybarica.com\/#website","url":"https:\/\/oxybarica.com\/","name":"Oxybarica","description":"Empresa espa\u00f1ola fabricante de c\u00e1maras hiperb\u00e1ricas","publisher":{"@id":"https:\/\/oxybarica.com\/#organization"},"potentialAction":[{"@type":"SearchAction","target":{"@type":"EntryPoint","urlTemplate":"https:\/\/oxybarica.com\/?s={search_term_string}"},"query-input":{"@type":"PropertyValueSpecification","valueRequired":true,"valueName":"search_term_string"}}],"inLanguage":"en-US"},{"@type":"Organization","@id":"https:\/\/oxybarica.com\/#organization","name":"Oxybarica","url":"https:\/\/oxybarica.com\/","logo":{"@type":"ImageObject","inLanguage":"en-US","@id":"https:\/\/oxybarica.com\/#\/schema\/logo\/image\/","url":"https:\/\/oxybarica.com\/wp-content\/uploads\/2022\/05\/OXYBARICA-ING-WEB-2.jpg","contentUrl":"https:\/\/oxybarica.com\/wp-content\/uploads\/2022\/05\/OXYBARICA-ING-WEB-2.jpg","width":1083,"height":414,"caption":"Oxybarica"},"image":{"@id":"https:\/\/oxybarica.com\/#\/schema\/logo\/image\/"},"sameAs":["https:\/\/www.facebook.com\/profile.php?id=100068342678018","https:\/\/www.instagram.com\/oxybarica\/"]}]}},"_links":{"self":[{"href":"https:\/\/oxybarica.com\/en\/wp-json\/wp\/v2\/pages\/34061","targetHints":{"allow":["GET"]}}],"collection":[{"href":"https:\/\/oxybarica.com\/en\/wp-json\/wp\/v2\/pages"}],"about":[{"href":"https:\/\/oxybarica.com\/en\/wp-json\/wp\/v2\/types\/page"}],"author":[{"embeddable":true,"href":"https:\/\/oxybarica.com\/en\/wp-json\/wp\/v2\/users\/7"}],"replies":[{"embeddable":true,"href":"https:\/\/oxybarica.com\/en\/wp-json\/wp\/v2\/comments?post=34061"}],"version-history":[{"count":13,"href":"https:\/\/oxybarica.com\/en\/wp-json\/wp\/v2\/pages\/34061\/revisions"}],"predecessor-version":[{"id":34485,"href":"https:\/\/oxybarica.com\/en\/wp-json\/wp\/v2\/pages\/34061\/revisions\/34485"}],"wp:featuredmedia":[{"embeddable":true,"href":"https:\/\/oxybarica.com\/en\/wp-json\/wp\/v2\/media\/34060"}],"wp:attachment":[{"href":"https:\/\/oxybarica.com\/en\/wp-json\/wp\/v2\/media?parent=34061"}],"curies":[{"name":"wp","href":"https:\/\/api.w.org\/{rel}","templated":true}]}}