{"id":34072,"date":"2025-11-26T14:45:58","date_gmt":"2025-11-26T14:45:58","guid":{"rendered":"https:\/\/oxybarica.com\/?page_id=34072"},"modified":"2025-12-15T11:15:33","modified_gmt":"2025-12-15T11:15:33","slug":"oxylife-90l","status":"publish","type":"page","link":"https:\/\/oxybarica.com\/en\/oxylife-90l\/","title":{"rendered":"Oxylife 90L"},"content":{"rendered":"\t\t<div data-elementor-type=\"wp-page\" data-elementor-id=\"34072\" class=\"elementor elementor-34072 elementor-33978\">\n\t\t\t\t<div class=\"elementor-element elementor-element-88c7e08 e-flex e-con-boxed e-con e-parent\" data-id=\"88c7e08\" data-element_type=\"container\" data-e-type=\"container\">\n\t\t\t\t\t<div class=\"e-con-inner\">\n\t\t<div class=\"elementor-element elementor-element-d05bf17 e-con-full e-flex e-con e-child\" data-id=\"d05bf17\" data-element_type=\"container\" data-e-type=\"container\">\n\t\t\t\t<div class=\"elementor-element elementor-element-82e868b elementor-widget elementor-widget-heading\" data-id=\"82e868b\" data-element_type=\"widget\" data-e-type=\"widget\" data-widget_type=\"heading.default\">\n\t\t\t\t<div class=\"elementor-widget-container\">\n\t\t\t\t\t<h2 class=\"elementor-heading-title elementor-size-default\">Oxylife 90L Monoplace Hyperbaric Chamber<\/h2>\t\t\t\t<\/div>\n\t\t\t\t<\/div>\n\t\t\t\t<div class=\"elementor-element elementor-element-766cc66 elementor-widget-divider--view-line elementor-widget elementor-widget-divider\" data-id=\"766cc66\" data-element_type=\"widget\" data-e-type=\"widget\" data-widget_type=\"divider.default\">\n\t\t\t\t<div class=\"elementor-widget-container\">\n\t\t\t\t\t\t\t<div class=\"elementor-divider\">\n\t\t\t<span class=\"elementor-divider-separator\">\n\t\t\t\t\t\t<\/span>\n\t\t<\/div>\n\t\t\t\t\t\t<\/div>\n\t\t\t\t<\/div>\n\t\t\t\t<div class=\"elementor-element elementor-element-59fbd4f elementor-widget elementor-widget-text-editor\" data-id=\"59fbd4f\" data-element_type=\"widget\" data-e-type=\"widget\" data-widget_type=\"text-editor.default\">\n\t\t\t\t<div class=\"elementor-widget-container\">\n\t\t\t\t\t\t\t\t\t<p>The Oxylife 90L model is a monoplace chamber for supplying oxygen at 100% concentration at a maximum pressure of 3 absolute atmospheres (3 ATA).<\/p>\t\t\t\t\t\t\t\t<\/div>\n\t\t\t\t<\/div>\n\t\t<div class=\"elementor-element elementor-element-ba68572 e-grid e-con-full elementor-hidden-tablet e-con e-child\" data-id=\"ba68572\" data-element_type=\"container\" data-e-type=\"container\">\n\t\t\t\t<div class=\"elementor-element elementor-element-a1b06ea elementor-widget elementor-widget-text-editor\" data-id=\"a1b06ea\" data-element_type=\"widget\" data-e-type=\"widget\" data-widget_type=\"text-editor.default\">\n\t\t\t\t<div class=\"elementor-widget-container\">\n\t\t\t\t\t\t\t\t\t<p>Inner Diameter<\/p>\t\t\t\t\t\t\t\t<\/div>\n\t\t\t\t<\/div>\n\t\t\t\t<div class=\"elementor-element elementor-element-dcbbd27 elementor-widget elementor-widget-text-editor\" data-id=\"dcbbd27\" data-element_type=\"widget\" data-e-type=\"widget\" data-widget_type=\"text-editor.default\">\n\t\t\t\t<div class=\"elementor-widget-container\">\n\t\t\t\t\t\t\t\t\t<p>900 mm<\/p>\t\t\t\t\t\t\t\t<\/div>\n\t\t\t\t<\/div>\n\t\t\t\t<div class=\"elementor-element elementor-element-9c60d57 elementor-widget elementor-widget-text-editor\" data-id=\"9c60d57\" data-element_type=\"widget\" data-e-type=\"widget\" data-widget_type=\"text-editor.default\">\n\t\t\t\t<div class=\"elementor-widget-container\">\n\t\t\t\t\t\t\t\t\t<p>Length<\/p>\t\t\t\t\t\t\t\t<\/div>\n\t\t\t\t<\/div>\n\t\t\t\t<div class=\"elementor-element elementor-element-1cc65ba elementor-widget elementor-widget-text-editor\" data-id=\"1cc65ba\" data-element_type=\"widget\" data-e-type=\"widget\" data-widget_type=\"text-editor.default\">\n\t\t\t\t<div class=\"elementor-widget-container\">\n\t\t\t\t\t\t\t\t\t<p>2,1 meters<\/p>\t\t\t\t\t\t\t\t<\/div>\n\t\t\t\t<\/div>\n\t\t\t\t<div class=\"elementor-element elementor-element-e5f9f77 elementor-widget elementor-widget-text-editor\" data-id=\"e5f9f77\" data-element_type=\"widget\" data-e-type=\"widget\" data-widget_type=\"text-editor.default\">\n\t\t\t\t<div class=\"elementor-widget-container\">\n\t\t\t\t\t\t\t\t\t<p>Height<\/p>\t\t\t\t\t\t\t\t<\/div>\n\t\t\t\t<\/div>\n\t\t\t\t<div class=\"elementor-element elementor-element-4c1b8b4 elementor-widget elementor-widget-text-editor\" data-id=\"4c1b8b4\" data-element_type=\"widget\" data-e-type=\"widget\" data-widget_type=\"text-editor.default\">\n\t\t\t\t<div class=\"elementor-widget-container\">\n\t\t\t\t\t\t\t\t\t<p>1,5 meters<\/p>\t\t\t\t\t\t\t\t<\/div>\n\t\t\t\t<\/div>\n\t\t\t\t<div class=\"elementor-element elementor-element-c78d117 elementor-widget elementor-widget-text-editor\" data-id=\"c78d117\" data-element_type=\"widget\" data-e-type=\"widget\" data-widget_type=\"text-editor.default\">\n\t\t\t\t<div class=\"elementor-widget-container\">\n\t\t\t\t\t\t\t\t\t<p>Weight<\/p>\t\t\t\t\t\t\t\t<\/div>\n\t\t\t\t<\/div>\n\t\t\t\t<div class=\"elementor-element elementor-element-db652fa elementor-widget elementor-widget-text-editor\" data-id=\"db652fa\" data-element_type=\"widget\" data-e-type=\"widget\" data-widget_type=\"text-editor.default\">\n\t\t\t\t<div class=\"elementor-widget-container\">\n\t\t\t\t\t\t\t\t\t<p>750 Kg. approx.<\/p>\t\t\t\t\t\t\t\t<\/div>\n\t\t\t\t<\/div>\n\t\t\t\t<\/div>\n\t\t<div class=\"elementor-element elementor-element-1b6c897 e-grid e-con-full elementor-hidden-tablet e-con e-child\" data-id=\"1b6c897\" data-element_type=\"container\" data-e-type=\"container\">\n\t\t\t\t<div class=\"elementor-element elementor-element-c95b4b2 elementor-align-center elementor-widget elementor-widget-button\" data-id=\"c95b4b2\" data-element_type=\"widget\" data-e-type=\"widget\" data-widget_type=\"button.default\">\n\t\t\t\t<div class=\"elementor-widget-container\">\n\t\t\t\t\t\t\t\t\t<div class=\"elementor-button-wrapper\">\n\t\t\t\t\t<a class=\"elementor-button elementor-button-link elementor-size-sm\" href=\"https:\/\/oxybarica.com\/wp-content\/uploads\/2025\/12\/Oxylife-90L-CAT-ES-ENG-Light.pdf\">\n\t\t\t\t\t\t<span class=\"elementor-button-content-wrapper\">\n\t\t\t\t\t\t\t\t\t<span class=\"elementor-button-text\">More information<\/span>\n\t\t\t\t\t<\/span>\n\t\t\t\t\t<\/a>\n\t\t\t\t<\/div>\n\t\t\t\t\t\t\t\t<\/div>\n\t\t\t\t<\/div>\n\t\t\t\t<div class=\"elementor-element elementor-element-801cb1f elementor-align-center elementor-widget elementor-widget-button\" data-id=\"801cb1f\" data-element_type=\"widget\" data-e-type=\"widget\" data-widget_type=\"button.default\">\n\t\t\t\t<div class=\"elementor-widget-container\">\n\t\t\t\t\t\t\t\t\t<div class=\"elementor-button-wrapper\">\n\t\t\t\t\t<a class=\"elementor-button elementor-button-link elementor-size-sm\" href=\"https:\/\/oxybarica.com\/en\/contact\/\">\n\t\t\t\t\t\t<span class=\"elementor-button-content-wrapper\">\n\t\t\t\t\t\t\t\t\t<span class=\"elementor-button-text\">I'm interested<\/span>\n\t\t\t\t\t<\/span>\n\t\t\t\t\t<\/a>\n\t\t\t\t<\/div>\n\t\t\t\t\t\t\t\t<\/div>\n\t\t\t\t<\/div>\n\t\t\t\t<\/div>\n\t\t\t\t<\/div>\n\t\t\t\t<div class=\"elementor-element elementor-element-b25e1a8 elementor-widget__width-initial elementor-widget elementor-widget-spacer\" data-id=\"b25e1a8\" data-element_type=\"widget\" data-e-type=\"widget\" data-widget_type=\"spacer.default\">\n\t\t\t\t<div class=\"elementor-widget-container\">\n\t\t\t\t\t\t\t<div class=\"elementor-spacer\">\n\t\t\t<div class=\"elementor-spacer-inner\"><\/div>\n\t\t<\/div>\n\t\t\t\t\t\t<\/div>\n\t\t\t\t<\/div>\n\t\t<div class=\"elementor-element elementor-element-0032eeb e-con-full e-flex e-con e-child\" data-id=\"0032eeb\" data-element_type=\"container\" data-e-type=\"container\">\n\t\t\t\t<div class=\"elementor-element elementor-element-23820cb elementor-widget elementor-widget-image\" data-id=\"23820cb\" data-element_type=\"widget\" data-e-type=\"widget\" data-widget_type=\"image.default\">\n\t\t\t\t<div class=\"elementor-widget-container\">\n\t\t\t\t\t\t\t\t\t\t\t\t\t\t\t<img fetchpriority=\"high\" decoding=\"async\" width=\"600\" height=\"600\" src=\"https:\/\/oxybarica.com\/wp-content\/uploads\/2025\/02\/90-L-retocada-sin-ventanas-compressed-600x600.jpg\" class=\"attachment-cuadrado size-cuadrado wp-image-33186\" alt=\"\" srcset=\"https:\/\/oxybarica.com\/wp-content\/uploads\/2025\/02\/90-L-retocada-sin-ventanas-compressed-600x600.jpg 600w, https:\/\/oxybarica.com\/wp-content\/uploads\/2025\/02\/90-L-retocada-sin-ventanas-compressed-150x150.jpg 150w\" sizes=\"(max-width: 600px) 100vw, 600px\" \/>\t\t\t\t\t\t\t\t\t\t\t\t\t\t\t<\/div>\n\t\t\t\t<\/div>\n\t\t\t\t<\/div>\n\t\t\t\t\t<\/div>\n\t\t\t\t<\/div>\n\t\t<div class=\"elementor-element elementor-element-5f56bf1 elementor-hidden-desktop elementor-hidden-mobile e-flex e-con-boxed e-con e-parent\" data-id=\"5f56bf1\" data-element_type=\"container\" data-e-type=\"container\">\n\t\t\t\t\t<div class=\"e-con-inner\">\n\t\t<div class=\"elementor-element elementor-element-ab2c85e e-grid e-con-full e-con e-child\" data-id=\"ab2c85e\" data-element_type=\"container\" data-e-type=\"container\">\n\t\t\t\t<div class=\"elementor-element elementor-element-987dac6 elementor-widget elementor-widget-text-editor\" data-id=\"987dac6\" data-element_type=\"widget\" data-e-type=\"widget\" data-widget_type=\"text-editor.default\">\n\t\t\t\t<div class=\"elementor-widget-container\">\n\t\t\t\t\t\t\t\t\t<p>Inner Diameter<\/p>\t\t\t\t\t\t\t\t<\/div>\n\t\t\t\t<\/div>\n\t\t\t\t<div class=\"elementor-element elementor-element-5b3bacd elementor-widget elementor-widget-text-editor\" data-id=\"5b3bacd\" data-element_type=\"widget\" data-e-type=\"widget\" data-widget_type=\"text-editor.default\">\n\t\t\t\t<div class=\"elementor-widget-container\">\n\t\t\t\t\t\t\t\t\t<p>900 mm<\/p>\t\t\t\t\t\t\t\t<\/div>\n\t\t\t\t<\/div>\n\t\t\t\t<div class=\"elementor-element elementor-element-1472ffa elementor-widget elementor-widget-text-editor\" data-id=\"1472ffa\" data-element_type=\"widget\" data-e-type=\"widget\" data-widget_type=\"text-editor.default\">\n\t\t\t\t<div class=\"elementor-widget-container\">\n\t\t\t\t\t\t\t\t\t<p>Length<\/p>\t\t\t\t\t\t\t\t<\/div>\n\t\t\t\t<\/div>\n\t\t\t\t<div class=\"elementor-element elementor-element-05009e9 elementor-widget elementor-widget-text-editor\" data-id=\"05009e9\" data-element_type=\"widget\" data-e-type=\"widget\" data-widget_type=\"text-editor.default\">\n\t\t\t\t<div class=\"elementor-widget-container\">\n\t\t\t\t\t\t\t\t\t<p>2,1 meters<\/p>\t\t\t\t\t\t\t\t<\/div>\n\t\t\t\t<\/div>\n\t\t\t\t<div class=\"elementor-element elementor-element-1903ee1 elementor-widget elementor-widget-text-editor\" data-id=\"1903ee1\" data-element_type=\"widget\" data-e-type=\"widget\" data-widget_type=\"text-editor.default\">\n\t\t\t\t<div class=\"elementor-widget-container\">\n\t\t\t\t\t\t\t\t\t<p>Height<\/p>\t\t\t\t\t\t\t\t<\/div>\n\t\t\t\t<\/div>\n\t\t\t\t<div class=\"elementor-element elementor-element-21d4ce7 elementor-widget elementor-widget-text-editor\" data-id=\"21d4ce7\" data-element_type=\"widget\" data-e-type=\"widget\" data-widget_type=\"text-editor.default\">\n\t\t\t\t<div class=\"elementor-widget-container\">\n\t\t\t\t\t\t\t\t\t<p>1,5 meters<\/p>\t\t\t\t\t\t\t\t<\/div>\n\t\t\t\t<\/div>\n\t\t\t\t<div class=\"elementor-element elementor-element-7af3d08 elementor-widget elementor-widget-text-editor\" data-id=\"7af3d08\" data-element_type=\"widget\" data-e-type=\"widget\" data-widget_type=\"text-editor.default\">\n\t\t\t\t<div class=\"elementor-widget-container\">\n\t\t\t\t\t\t\t\t\t<p>Weight<\/p>\t\t\t\t\t\t\t\t<\/div>\n\t\t\t\t<\/div>\n\t\t\t\t<div class=\"elementor-element elementor-element-881b89a elementor-widget elementor-widget-text-editor\" data-id=\"881b89a\" data-element_type=\"widget\" data-e-type=\"widget\" data-widget_type=\"text-editor.default\">\n\t\t\t\t<div class=\"elementor-widget-container\">\n\t\t\t\t\t\t\t\t\t<p>750 Kg. approx.<\/p>\t\t\t\t\t\t\t\t<\/div>\n\t\t\t\t<\/div>\n\t\t\t\t<\/div>\n\t\t<div class=\"elementor-element elementor-element-64cd596 e-grid e-con-full e-con e-child\" data-id=\"64cd596\" data-element_type=\"container\" data-e-type=\"container\">\n\t\t\t\t<div class=\"elementor-element elementor-element-16cc8e7 elementor-align-center elementor-tablet-align-left elementor-widget elementor-widget-button\" data-id=\"16cc8e7\" data-element_type=\"widget\" data-e-type=\"widget\" data-widget_type=\"button.default\">\n\t\t\t\t<div class=\"elementor-widget-container\">\n\t\t\t\t\t\t\t\t\t<div class=\"elementor-button-wrapper\">\n\t\t\t\t\t<a class=\"elementor-button elementor-button-link elementor-size-sm\" href=\"https:\/\/oxybarica.com\/wp-content\/uploads\/2025\/12\/Oxylife-90L-CAT-ES-ENG-Light.pdf\">\n\t\t\t\t\t\t<span class=\"elementor-button-content-wrapper\">\n\t\t\t\t\t\t\t\t\t<span class=\"elementor-button-text\">More information<\/span>\n\t\t\t\t\t<\/span>\n\t\t\t\t\t<\/a>\n\t\t\t\t<\/div>\n\t\t\t\t\t\t\t\t<\/div>\n\t\t\t\t<\/div>\n\t\t\t\t<div class=\"elementor-element elementor-element-81ec37e elementor-align-center elementor-tablet-align-left elementor-widget elementor-widget-button\" data-id=\"81ec37e\" data-element_type=\"widget\" data-e-type=\"widget\" data-widget_type=\"button.default\">\n\t\t\t\t<div class=\"elementor-widget-container\">\n\t\t\t\t\t\t\t\t\t<div class=\"elementor-button-wrapper\">\n\t\t\t\t\t<a class=\"elementor-button elementor-button-link elementor-size-sm\" href=\"https:\/\/oxybarica.com\/en\/contact\/\">\n\t\t\t\t\t\t<span class=\"elementor-button-content-wrapper\">\n\t\t\t\t\t\t\t\t\t<span class=\"elementor-button-text\">I'm interested<\/span>\n\t\t\t\t\t<\/span>\n\t\t\t\t\t<\/a>\n\t\t\t\t<\/div>\n\t\t\t\t\t\t\t\t<\/div>\n\t\t\t\t<\/div>\n\t\t\t\t<\/div>\n\t\t\t\t\t<\/div>\n\t\t\t\t<\/div>\n\t\t<div class=\"elementor-element elementor-element-0e8aa0f e-flex e-con-boxed e-con e-parent\" data-id=\"0e8aa0f\" data-element_type=\"container\" data-e-type=\"container\">\n\t\t\t\t\t<div class=\"e-con-inner\">\n\t\t<div class=\"elementor-element elementor-element-c0cedd0 e-con-full e-flex e-con e-child\" data-id=\"c0cedd0\" data-element_type=\"container\" data-e-type=\"container\" data-settings=\"{&quot;background_background&quot;:&quot;classic&quot;}\">\n\t\t\t\t<div class=\"elementor-element elementor-element-323b19d elementor-widget elementor-widget-heading\" data-id=\"323b19d\" data-element_type=\"widget\" data-e-type=\"widget\" data-widget_type=\"heading.default\">\n\t\t\t\t<div class=\"elementor-widget-container\">\n\t\t\t\t\t<h2 class=\"elementor-heading-title elementor-size-default\">Manufacturer with health license no. 8999-PS<\/h2>\t\t\t\t<\/div>\n\t\t\t\t<\/div>\n\t\t\t\t<div class=\"elementor-element elementor-element-d8f6db6 elementor-widget-divider--view-line elementor-widget elementor-widget-divider\" data-id=\"d8f6db6\" data-element_type=\"widget\" data-e-type=\"widget\" data-widget_type=\"divider.default\">\n\t\t\t\t<div class=\"elementor-widget-container\">\n\t\t\t\t\t\t\t<div class=\"elementor-divider\">\n\t\t\t<span class=\"elementor-divider-separator\">\n\t\t\t\t\t\t<\/span>\n\t\t<\/div>\n\t\t\t\t\t\t<\/div>\n\t\t\t\t<\/div>\n\t\t\t\t<div class=\"elementor-element elementor-element-875fd68 elementor-widget elementor-widget-text-editor\" data-id=\"875fd68\" data-element_type=\"widget\" data-e-type=\"widget\" data-widget_type=\"text-editor.default\">\n\t\t\t\t<div class=\"elementor-widget-container\">\n\t\t\t\t\t\t\t\t\t<p> <\/p><p><small>CE Pressure Equipment, CE Sanitary Equipment ISO 13485; ISO 9001<\/small><\/p><p><small>Oxybarica certifies its products in different parts of the world, in America (ASME) and Europe (Spanish Medicines Agency 8999 PS CE marked pressure equipment audited by TUV Nord, CE marked sanitary equipment audited by SGS), which demonstrates our quality and commitment to our customers and projects.<\/small><\/p>\t\t\t\t\t\t\t\t<\/div>\n\t\t\t\t<\/div>\n\t\t\t\t<\/div>\n\t\t\t\t\t<\/div>\n\t\t\t\t<\/div>\n\t\t\t\t<\/div>\n\t\t","protected":false},"excerpt":{"rendered":"<p>Oxylife 90L Monoplace Hyperbaric Chamber The Oxylife 90L model is a monoplace chamber for supplying oxygen at 100% concentration at a maximum pressure of 3 absolute atmospheres (3 ATA). Inner Diameter 900 mm Length 2,1 meters Height 1,5 meters Weight 750 Kg. approx. More information I&#8217;m interested Inner Diameter 900 mm Length 2,1 meters Height [&hellip;]<\/p>\n","protected":false},"author":7,"featured_media":33186,"parent":0,"menu_order":0,"comment_status":"closed","ping_status":"closed","template":"","meta":{"_acf_changed":false,"footnotes":""},"class_list":["post-34072","page","type-page","status-publish","has-post-thumbnail","hentry"],"acf":[],"yoast_head":"<!-- This site is optimized with the Yoast SEO plugin v27.4 - https:\/\/yoast.com\/product\/yoast-seo-wordpress\/ -->\n<title>Oxylife 90L - Oxybarica<\/title>\n<meta name=\"description\" content=\"The Oxylife 90L model is a monoplace chamber for supplying oxygen at 100% concentration at a maximum pressure of (3 ATA).\" \/>\n<meta name=\"robots\" content=\"index, follow, max-snippet:-1, max-image-preview:large, max-video-preview:-1\" \/>\n<link rel=\"canonical\" href=\"https:\/\/oxybarica.com\/en\/oxylife-90l\/\" \/>\n<meta property=\"og:locale\" content=\"en_US\" \/>\n<meta property=\"og:type\" content=\"article\" \/>\n<meta property=\"og:title\" content=\"Oxylife 90L - Oxybarica\" \/>\n<meta property=\"og:description\" content=\"The Oxylife 90L model is a monoplace chamber for supplying oxygen at 100% concentration at a maximum pressure of (3 ATA).\" \/>\n<meta property=\"og:url\" content=\"https:\/\/oxybarica.com\/en\/oxylife-90l\/\" \/>\n<meta property=\"og:site_name\" content=\"Oxybarica\" \/>\n<meta property=\"article:publisher\" content=\"https:\/\/www.facebook.com\/profile.php?id=100068342678018\" \/>\n<meta property=\"article:modified_time\" content=\"2025-12-15T11:15:33+00:00\" \/>\n<meta property=\"og:image\" content=\"https:\/\/oxybarica.com\/wp-content\/uploads\/2025\/02\/90-L-retocada-sin-ventanas-compressed-scaled.jpg\" \/>\n\t<meta property=\"og:image:width\" content=\"2560\" \/>\n\t<meta property=\"og:image:height\" content=\"1764\" \/>\n\t<meta property=\"og:image:type\" content=\"image\/jpeg\" \/>\n<meta name=\"twitter:card\" content=\"summary_large_image\" \/>\n<meta name=\"twitter:label1\" content=\"Est. reading time\" \/>\n\t<meta name=\"twitter:data1\" content=\"1 minute\" \/>\n<script type=\"application\/ld+json\" class=\"yoast-schema-graph\">{\"@context\":\"https:\\\/\\\/schema.org\",\"@graph\":[{\"@type\":\"WebPage\",\"@id\":\"https:\\\/\\\/oxybarica.com\\\/en\\\/oxylife-90l\\\/\",\"url\":\"https:\\\/\\\/oxybarica.com\\\/en\\\/oxylife-90l\\\/\",\"name\":\"Oxylife 90L - Oxybarica\",\"isPartOf\":{\"@id\":\"https:\\\/\\\/oxybarica.com\\\/#website\"},\"primaryImageOfPage\":{\"@id\":\"https:\\\/\\\/oxybarica.com\\\/en\\\/oxylife-90l\\\/#primaryimage\"},\"image\":{\"@id\":\"https:\\\/\\\/oxybarica.com\\\/en\\\/oxylife-90l\\\/#primaryimage\"},\"thumbnailUrl\":\"https:\\\/\\\/oxybarica.com\\\/wp-content\\\/uploads\\\/2025\\\/02\\\/90-L-retocada-sin-ventanas-compressed-scaled.jpg\",\"datePublished\":\"2025-11-26T14:45:58+00:00\",\"dateModified\":\"2025-12-15T11:15:33+00:00\",\"description\":\"The Oxylife 90L model is a monoplace chamber for supplying oxygen at 100% concentration at a maximum pressure of (3 ATA).\",\"breadcrumb\":{\"@id\":\"https:\\\/\\\/oxybarica.com\\\/en\\\/oxylife-90l\\\/#breadcrumb\"},\"inLanguage\":\"en-US\",\"potentialAction\":[{\"@type\":\"ReadAction\",\"target\":[\"https:\\\/\\\/oxybarica.com\\\/en\\\/oxylife-90l\\\/\"]}]},{\"@type\":\"ImageObject\",\"inLanguage\":\"en-US\",\"@id\":\"https:\\\/\\\/oxybarica.com\\\/en\\\/oxylife-90l\\\/#primaryimage\",\"url\":\"https:\\\/\\\/oxybarica.com\\\/wp-content\\\/uploads\\\/2025\\\/02\\\/90-L-retocada-sin-ventanas-compressed-scaled.jpg\",\"contentUrl\":\"https:\\\/\\\/oxybarica.com\\\/wp-content\\\/uploads\\\/2025\\\/02\\\/90-L-retocada-sin-ventanas-compressed-scaled.jpg\",\"width\":2560,\"height\":1764},{\"@type\":\"BreadcrumbList\",\"@id\":\"https:\\\/\\\/oxybarica.com\\\/en\\\/oxylife-90l\\\/#breadcrumb\",\"itemListElement\":[{\"@type\":\"ListItem\",\"position\":1,\"name\":\"Portada\",\"item\":\"https:\\\/\\\/oxybarica.com\\\/en\\\/home-2\\\/\"},{\"@type\":\"ListItem\",\"position\":2,\"name\":\"Oxylife 90L\"}]},{\"@type\":\"WebSite\",\"@id\":\"https:\\\/\\\/oxybarica.com\\\/#website\",\"url\":\"https:\\\/\\\/oxybarica.com\\\/\",\"name\":\"Oxybarica\",\"description\":\"Empresa espa\u00f1ola fabricante de c\u00e1maras hiperb\u00e1ricas\",\"publisher\":{\"@id\":\"https:\\\/\\\/oxybarica.com\\\/#organization\"},\"potentialAction\":[{\"@type\":\"SearchAction\",\"target\":{\"@type\":\"EntryPoint\",\"urlTemplate\":\"https:\\\/\\\/oxybarica.com\\\/?s={search_term_string}\"},\"query-input\":{\"@type\":\"PropertyValueSpecification\",\"valueRequired\":true,\"valueName\":\"search_term_string\"}}],\"inLanguage\":\"en-US\"},{\"@type\":\"Organization\",\"@id\":\"https:\\\/\\\/oxybarica.com\\\/#organization\",\"name\":\"Oxybarica\",\"url\":\"https:\\\/\\\/oxybarica.com\\\/\",\"logo\":{\"@type\":\"ImageObject\",\"inLanguage\":\"en-US\",\"@id\":\"https:\\\/\\\/oxybarica.com\\\/#\\\/schema\\\/logo\\\/image\\\/\",\"url\":\"https:\\\/\\\/oxybarica.com\\\/wp-content\\\/uploads\\\/2022\\\/05\\\/OXYBARICA-ING-WEB-2.jpg\",\"contentUrl\":\"https:\\\/\\\/oxybarica.com\\\/wp-content\\\/uploads\\\/2022\\\/05\\\/OXYBARICA-ING-WEB-2.jpg\",\"width\":1083,\"height\":414,\"caption\":\"Oxybarica\"},\"image\":{\"@id\":\"https:\\\/\\\/oxybarica.com\\\/#\\\/schema\\\/logo\\\/image\\\/\"},\"sameAs\":[\"https:\\\/\\\/www.facebook.com\\\/profile.php?id=100068342678018\",\"https:\\\/\\\/www.instagram.com\\\/oxybarica\\\/\"]}]}<\/script>\n<!-- \/ Yoast SEO plugin. -->","yoast_head_json":{"title":"Oxylife 90L - Oxybarica","description":"The Oxylife 90L model is a monoplace chamber for supplying oxygen at 100% concentration at a maximum pressure of (3 ATA).","robots":{"index":"index","follow":"follow","max-snippet":"max-snippet:-1","max-image-preview":"max-image-preview:large","max-video-preview":"max-video-preview:-1"},"canonical":"https:\/\/oxybarica.com\/en\/oxylife-90l\/","og_locale":"en_US","og_type":"article","og_title":"Oxylife 90L - Oxybarica","og_description":"The Oxylife 90L model is a monoplace chamber for supplying oxygen at 100% concentration at a maximum pressure of (3 ATA).","og_url":"https:\/\/oxybarica.com\/en\/oxylife-90l\/","og_site_name":"Oxybarica","article_publisher":"https:\/\/www.facebook.com\/profile.php?id=100068342678018","article_modified_time":"2025-12-15T11:15:33+00:00","og_image":[{"width":2560,"height":1764,"url":"https:\/\/oxybarica.com\/wp-content\/uploads\/2025\/02\/90-L-retocada-sin-ventanas-compressed-scaled.jpg","type":"image\/jpeg"}],"twitter_card":"summary_large_image","twitter_misc":{"Est. reading time":"1 minute"},"schema":{"@context":"https:\/\/schema.org","@graph":[{"@type":"WebPage","@id":"https:\/\/oxybarica.com\/en\/oxylife-90l\/","url":"https:\/\/oxybarica.com\/en\/oxylife-90l\/","name":"Oxylife 90L - Oxybarica","isPartOf":{"@id":"https:\/\/oxybarica.com\/#website"},"primaryImageOfPage":{"@id":"https:\/\/oxybarica.com\/en\/oxylife-90l\/#primaryimage"},"image":{"@id":"https:\/\/oxybarica.com\/en\/oxylife-90l\/#primaryimage"},"thumbnailUrl":"https:\/\/oxybarica.com\/wp-content\/uploads\/2025\/02\/90-L-retocada-sin-ventanas-compressed-scaled.jpg","datePublished":"2025-11-26T14:45:58+00:00","dateModified":"2025-12-15T11:15:33+00:00","description":"The Oxylife 90L model is a monoplace chamber for supplying oxygen at 100% concentration at a maximum pressure of (3 ATA).","breadcrumb":{"@id":"https:\/\/oxybarica.com\/en\/oxylife-90l\/#breadcrumb"},"inLanguage":"en-US","potentialAction":[{"@type":"ReadAction","target":["https:\/\/oxybarica.com\/en\/oxylife-90l\/"]}]},{"@type":"ImageObject","inLanguage":"en-US","@id":"https:\/\/oxybarica.com\/en\/oxylife-90l\/#primaryimage","url":"https:\/\/oxybarica.com\/wp-content\/uploads\/2025\/02\/90-L-retocada-sin-ventanas-compressed-scaled.jpg","contentUrl":"https:\/\/oxybarica.com\/wp-content\/uploads\/2025\/02\/90-L-retocada-sin-ventanas-compressed-scaled.jpg","width":2560,"height":1764},{"@type":"BreadcrumbList","@id":"https:\/\/oxybarica.com\/en\/oxylife-90l\/#breadcrumb","itemListElement":[{"@type":"ListItem","position":1,"name":"Portada","item":"https:\/\/oxybarica.com\/en\/home-2\/"},{"@type":"ListItem","position":2,"name":"Oxylife 90L"}]},{"@type":"WebSite","@id":"https:\/\/oxybarica.com\/#website","url":"https:\/\/oxybarica.com\/","name":"Oxybarica","description":"Empresa espa\u00f1ola fabricante de c\u00e1maras hiperb\u00e1ricas","publisher":{"@id":"https:\/\/oxybarica.com\/#organization"},"potentialAction":[{"@type":"SearchAction","target":{"@type":"EntryPoint","urlTemplate":"https:\/\/oxybarica.com\/?s={search_term_string}"},"query-input":{"@type":"PropertyValueSpecification","valueRequired":true,"valueName":"search_term_string"}}],"inLanguage":"en-US"},{"@type":"Organization","@id":"https:\/\/oxybarica.com\/#organization","name":"Oxybarica","url":"https:\/\/oxybarica.com\/","logo":{"@type":"ImageObject","inLanguage":"en-US","@id":"https:\/\/oxybarica.com\/#\/schema\/logo\/image\/","url":"https:\/\/oxybarica.com\/wp-content\/uploads\/2022\/05\/OXYBARICA-ING-WEB-2.jpg","contentUrl":"https:\/\/oxybarica.com\/wp-content\/uploads\/2022\/05\/OXYBARICA-ING-WEB-2.jpg","width":1083,"height":414,"caption":"Oxybarica"},"image":{"@id":"https:\/\/oxybarica.com\/#\/schema\/logo\/image\/"},"sameAs":["https:\/\/www.facebook.com\/profile.php?id=100068342678018","https:\/\/www.instagram.com\/oxybarica\/"]}]}},"_links":{"self":[{"href":"https:\/\/oxybarica.com\/en\/wp-json\/wp\/v2\/pages\/34072","targetHints":{"allow":["GET"]}}],"collection":[{"href":"https:\/\/oxybarica.com\/en\/wp-json\/wp\/v2\/pages"}],"about":[{"href":"https:\/\/oxybarica.com\/en\/wp-json\/wp\/v2\/types\/page"}],"author":[{"embeddable":true,"href":"https:\/\/oxybarica.com\/en\/wp-json\/wp\/v2\/users\/7"}],"replies":[{"embeddable":true,"href":"https:\/\/oxybarica.com\/en\/wp-json\/wp\/v2\/comments?post=34072"}],"version-history":[{"count":19,"href":"https:\/\/oxybarica.com\/en\/wp-json\/wp\/v2\/pages\/34072\/revisions"}],"predecessor-version":[{"id":34478,"href":"https:\/\/oxybarica.com\/en\/wp-json\/wp\/v2\/pages\/34072\/revisions\/34478"}],"wp:featuredmedia":[{"embeddable":true,"href":"https:\/\/oxybarica.com\/en\/wp-json\/wp\/v2\/media\/33186"}],"wp:attachment":[{"href":"https:\/\/oxybarica.com\/en\/wp-json\/wp\/v2\/media?parent=34072"}],"curies":[{"name":"wp","href":"https:\/\/api.w.org\/{rel}","templated":true}]}}