{"id":34083,"date":"2025-11-26T14:29:42","date_gmt":"2025-11-26T14:29:42","guid":{"rendered":"https:\/\/oxybarica.com\/?page_id=34083"},"modified":"2025-12-15T11:11:36","modified_gmt":"2025-12-15T11:11:36","slug":"multiplace-hyperbaric-chambers","status":"publish","type":"page","link":"https:\/\/oxybarica.com\/en\/multiplace-hyperbaric-chambers\/","title":{"rendered":"Multiplace Hyperbaric Chambers"},"content":{"rendered":"\t\t<div data-elementor-type=\"wp-page\" data-elementor-id=\"34083\" class=\"elementor elementor-34083 elementor-34011\">\n\t\t\t\t<div class=\"elementor-element elementor-element-de95d0a e-flex e-con-boxed e-con e-parent\" data-id=\"de95d0a\" data-element_type=\"container\" data-e-type=\"container\">\n\t\t\t\t\t<div class=\"e-con-inner\">\n\t\t\t\t<div class=\"elementor-element elementor-element-b40a2d5 elementor-widget elementor-widget-heading\" data-id=\"b40a2d5\" data-element_type=\"widget\" data-e-type=\"widget\" data-widget_type=\"heading.default\">\n\t\t\t\t<div class=\"elementor-widget-container\">\n\t\t\t\t\t<h2 class=\"elementor-heading-title elementor-size-default\">What are they?<\/h2>\t\t\t\t<\/div>\n\t\t\t\t<\/div>\n\t\t\t\t<div class=\"elementor-element elementor-element-986970b elementor-widget-divider--view-line elementor-widget elementor-widget-divider\" data-id=\"986970b\" data-element_type=\"widget\" data-e-type=\"widget\" data-widget_type=\"divider.default\">\n\t\t\t\t<div class=\"elementor-widget-container\">\n\t\t\t\t\t\t\t<div class=\"elementor-divider\">\n\t\t\t<span class=\"elementor-divider-separator\">\n\t\t\t\t\t\t<\/span>\n\t\t<\/div>\n\t\t\t\t\t\t<\/div>\n\t\t\t\t<\/div>\n\t\t\t\t<div class=\"elementor-element elementor-element-30f2049 elementor-widget elementor-widget-text-editor\" data-id=\"30f2049\" data-element_type=\"widget\" data-e-type=\"widget\" data-widget_type=\"text-editor.default\">\n\t\t\t\t<div class=\"elementor-widget-container\">\n\t\t\t\t\t\t\t\t\t<p data-start=\"130\" data-end=\"465\">Oxybarica Impactos Internacionales&#8217; multiplace hyperbaric chambers are certified as pressure devices and medical equipment. Furthermore, they meet the highest quality standards. They also incorporate modern design and manufacturing techniques. Finally, they pass demanding endurance and functionality tests.<br><br><\/p><p data-start=\"467\" data-end=\"852\">A Multiplace hyperbaric chamber is a sealed container capable of withstanding pressures greater than atmospheric pressure. In our models, the pressure reaches up to 10 ATA. This equipment is used to provide oxygen therapy treatments to several patients at the same time. Likewise, pressure is increased with air, and medical oxygen is supplied through bib masks.<br><br><\/p><p data-start=\"854\" data-end=\"1057\">These cameras can be fixed (Oxylife Mediterr\u00e1neo Omega model) or freestanding (Oxylife M2 model). In addition, they offer the option of integrating a standard STANAG\u2013NATO input for connection to other transportable equipment.<br><br><\/p><p data-start=\"1059\" data-end=\"1377\">They are suitable for therapeutic treatments, critical treatments and specific professional diving applications. Furthermore, their cutting-edge design gives them unique characteristics. Noteworthy features include optimised interior space and a significantly lower weight than traditional equipment.<\/p>\t\t\t\t\t\t\t\t<\/div>\n\t\t\t\t<\/div>\n\t\t\t\t\t<\/div>\n\t\t\t\t<\/div>\n\t\t<div class=\"elementor-element elementor-element-d074705 e-flex e-con-boxed e-con e-parent\" data-id=\"d074705\" data-element_type=\"container\" data-e-type=\"container\">\n\t\t\t\t\t<div class=\"e-con-inner\">\n\t\t\t\t<div class=\"elementor-element elementor-element-01c84f2 elementor-widget elementor-widget-heading\" data-id=\"01c84f2\" data-element_type=\"widget\" data-e-type=\"widget\" data-widget_type=\"heading.default\">\n\t\t\t\t<div class=\"elementor-widget-container\">\n\t\t\t\t\t<h2 class=\"elementor-heading-title elementor-size-default\">Our multiplace hyperbaric chambers<\/h2>\t\t\t\t<\/div>\n\t\t\t\t<\/div>\n\t\t\t\t<div class=\"elementor-element elementor-element-3211eab elementor-widget-divider--view-line elementor-widget elementor-widget-divider\" data-id=\"3211eab\" data-element_type=\"widget\" data-e-type=\"widget\" data-widget_type=\"divider.default\">\n\t\t\t\t<div class=\"elementor-widget-container\">\n\t\t\t\t\t\t\t<div class=\"elementor-divider\">\n\t\t\t<span class=\"elementor-divider-separator\">\n\t\t\t\t\t\t<\/span>\n\t\t<\/div>\n\t\t\t\t\t\t<\/div>\n\t\t\t\t<\/div>\n\t\t\t\t\t<\/div>\n\t\t\t\t<\/div>\n\t\t<div class=\"elementor-element elementor-element-97be187 e-flex e-con-boxed e-con e-parent\" data-id=\"97be187\" data-element_type=\"container\" data-e-type=\"container\">\n\t\t\t\t\t<div class=\"e-con-inner\">\n\t\t<div class=\"elementor-element elementor-element-2ef381e e-con-full e-flex e-con e-child\" data-id=\"2ef381e\" data-element_type=\"container\" data-e-type=\"container\">\n\t\t\t\t<\/div>\n\t\t<div class=\"elementor-element elementor-element-5387290 e-con-full e-flex e-con e-child\" data-id=\"5387290\" data-element_type=\"container\" data-e-type=\"container\">\n\t\t\t\t<div class=\"elementor-element elementor-element-460405b elementor-position-top elementor-widget elementor-widget-image-box\" data-id=\"460405b\" data-element_type=\"widget\" data-e-type=\"widget\" data-widget_type=\"image-box.default\">\n\t\t\t\t<div class=\"elementor-widget-container\">\n\t\t\t\t\t<div class=\"elementor-image-box-wrapper\"><figure class=\"elementor-image-box-img\"><img fetchpriority=\"high\" decoding=\"async\" width=\"600\" height=\"600\" src=\"https:\/\/oxybarica.com\/wp-content\/uploads\/2025\/02\/20241016_155741-compressed-1-600x600.jpg\" class=\"attachment-cuadrado size-cuadrado wp-image-33146\" alt=\"\" srcset=\"https:\/\/oxybarica.com\/wp-content\/uploads\/2025\/02\/20241016_155741-compressed-1-600x600.jpg 600w, https:\/\/oxybarica.com\/wp-content\/uploads\/2025\/02\/20241016_155741-compressed-1-150x150.jpg 150w\" sizes=\"(max-width: 600px) 100vw, 600px\" \/><\/figure><div class=\"elementor-image-box-content\"><h3 class=\"elementor-image-box-title\">Oxylife Mediterr\u00e1neo Omega<\/h3><p class=\"elementor-image-box-description\">The Oxylife Mediterr\u00e1neo Omega model is a multi-person chamber with capacity for 4 to 12 people in the main chamber and 2 to 6 people in the antechamber. Designed as fixed equipment for clinics and hospitals.<\/p><\/div><\/div>\t\t\t\t<\/div>\n\t\t\t\t<\/div>\n\t\t\t\t<div class=\"elementor-element elementor-element-78fdd6d elementor-align-center elementor-widget elementor-widget-button\" data-id=\"78fdd6d\" data-element_type=\"widget\" data-e-type=\"widget\" data-widget_type=\"button.default\">\n\t\t\t\t<div class=\"elementor-widget-container\">\n\t\t\t\t\t\t\t\t\t<div class=\"elementor-button-wrapper\">\n\t\t\t\t\t<a class=\"elementor-button elementor-button-link elementor-size-sm\" href=\"https:\/\/oxybarica.com\/en\/oxylife-mediterraneo-omega\/\">\n\t\t\t\t\t\t<span class=\"elementor-button-content-wrapper\">\n\t\t\t\t\t\t\t\t\t<span class=\"elementor-button-text\">Further information<\/span>\n\t\t\t\t\t<\/span>\n\t\t\t\t\t<\/a>\n\t\t\t\t<\/div>\n\t\t\t\t\t\t\t\t<\/div>\n\t\t\t\t<\/div>\n\t\t\t\t<\/div>\n\t\t<div class=\"elementor-element elementor-element-ce2d150 e-con-full e-flex e-con e-child\" data-id=\"ce2d150\" data-element_type=\"container\" data-e-type=\"container\">\n\t\t\t\t<\/div>\n\t\t<div class=\"elementor-element elementor-element-2da1991 e-con-full e-flex e-con e-child\" data-id=\"2da1991\" data-element_type=\"container\" data-e-type=\"container\">\n\t\t\t\t<div class=\"elementor-element elementor-element-6a19468 elementor-position-top elementor-widget elementor-widget-image-box\" data-id=\"6a19468\" data-element_type=\"widget\" data-e-type=\"widget\" data-widget_type=\"image-box.default\">\n\t\t\t\t<div class=\"elementor-widget-container\">\n\t\t\t\t\t<div class=\"elementor-image-box-wrapper\"><figure class=\"elementor-image-box-img\"><img decoding=\"async\" width=\"600\" height=\"600\" src=\"https:\/\/oxybarica.com\/wp-content\/uploads\/2025\/11\/M2-Digitalizada-2-600x600.png\" class=\"attachment-cuadrado size-cuadrado wp-image-34053\" alt=\"\" srcset=\"https:\/\/oxybarica.com\/wp-content\/uploads\/2025\/11\/M2-Digitalizada-2-600x600.png 600w, https:\/\/oxybarica.com\/wp-content\/uploads\/2025\/11\/M2-Digitalizada-2-150x150.png 150w\" sizes=\"(max-width: 600px) 100vw, 600px\" \/><\/figure><div class=\"elementor-image-box-content\"><h3 class=\"elementor-image-box-title\">Oxylife M2<\/h3><p class=\"elementor-image-box-description\">The Oxylife M2 Model is a two-seater device that provides all treatment functions for two people simultaneously, while also offering greater comfort for users.<\/p><\/div><\/div>\t\t\t\t<\/div>\n\t\t\t\t<\/div>\n\t\t\t\t<div class=\"elementor-element elementor-element-b45dbd9 elementor-align-center elementor-widget elementor-widget-button\" data-id=\"b45dbd9\" data-element_type=\"widget\" data-e-type=\"widget\" data-widget_type=\"button.default\">\n\t\t\t\t<div class=\"elementor-widget-container\">\n\t\t\t\t\t\t\t\t\t<div class=\"elementor-button-wrapper\">\n\t\t\t\t\t<a class=\"elementor-button elementor-button-link elementor-size-sm\" href=\"https:\/\/oxybarica.com\/en\/oxylife-m2\/\">\n\t\t\t\t\t\t<span class=\"elementor-button-content-wrapper\">\n\t\t\t\t\t\t\t\t\t<span class=\"elementor-button-text\">Further information<\/span>\n\t\t\t\t\t<\/span>\n\t\t\t\t\t<\/a>\n\t\t\t\t<\/div>\n\t\t\t\t\t\t\t\t<\/div>\n\t\t\t\t<\/div>\n\t\t\t\t<\/div>\n\t\t<div class=\"elementor-element elementor-element-eefb1b1 e-con-full e-flex e-con e-child\" data-id=\"eefb1b1\" data-element_type=\"container\" data-e-type=\"container\">\n\t\t\t\t<\/div>\n\t\t\t\t\t<\/div>\n\t\t\t\t<\/div>\n\t\t\t\t<\/div>\n\t\t","protected":false},"excerpt":{"rendered":"<p>What are they? Oxybarica Impactos Internacionales&#8217; multiplace hyperbaric chambers are certified as pressure devices and medical equipment. Furthermore, they meet the highest quality standards. They also incorporate modern design and manufacturing techniques. Finally, they pass demanding endurance and functionality tests. A Multiplace hyperbaric chamber is a sealed container capable of withstanding pressures greater than atmospheric [&hellip;]<\/p>\n","protected":false},"author":7,"featured_media":1342,"parent":0,"menu_order":0,"comment_status":"closed","ping_status":"closed","template":"","meta":{"_acf_changed":false,"footnotes":""},"class_list":["post-34083","page","type-page","status-publish","has-post-thumbnail","hentry"],"acf":[],"yoast_head":"<!-- This site is optimized with the Yoast SEO plugin v27.4 - https:\/\/yoast.com\/product\/yoast-seo-wordpress\/ -->\n<title>Multiplace Hyperbaric Chambers - Oxybarica<\/title>\n<meta name=\"description\" content=\"Discover our certified multiplace hyperbaric chambers, designed for safe and comfortable treatments.\" \/>\n<meta name=\"robots\" content=\"index, follow, max-snippet:-1, max-image-preview:large, max-video-preview:-1\" \/>\n<link rel=\"canonical\" href=\"https:\/\/oxybarica.com\/en\/multiplace-hyperbaric-chambers\/\" \/>\n<meta property=\"og:locale\" content=\"en_US\" \/>\n<meta property=\"og:type\" content=\"article\" \/>\n<meta property=\"og:title\" content=\"Multiplace Hyperbaric Chambers - Oxybarica\" \/>\n<meta property=\"og:description\" content=\"Discover our certified multiplace hyperbaric chambers, designed for safe and comfortable treatments.\" \/>\n<meta property=\"og:url\" content=\"https:\/\/oxybarica.com\/en\/multiplace-hyperbaric-chambers\/\" \/>\n<meta property=\"og:site_name\" content=\"Oxybarica\" \/>\n<meta property=\"article:publisher\" content=\"https:\/\/www.facebook.com\/profile.php?id=100068342678018\" \/>\n<meta property=\"article:modified_time\" content=\"2025-12-15T11:11:36+00:00\" \/>\n<meta property=\"og:image\" content=\"https:\/\/oxybarica.com\/wp-content\/uploads\/2022\/10\/Multiplaza-1-e1740137481431.jpg\" \/>\n\t<meta property=\"og:image:width\" content=\"1920\" \/>\n\t<meta property=\"og:image:height\" content=\"1080\" \/>\n\t<meta property=\"og:image:type\" content=\"image\/jpeg\" \/>\n<meta name=\"twitter:card\" content=\"summary_large_image\" \/>\n<meta name=\"twitter:label1\" content=\"Est. reading time\" \/>\n\t<meta name=\"twitter:data1\" content=\"1 minute\" \/>\n<script type=\"application\/ld+json\" class=\"yoast-schema-graph\">{\"@context\":\"https:\\\/\\\/schema.org\",\"@graph\":[{\"@type\":\"WebPage\",\"@id\":\"https:\\\/\\\/oxybarica.com\\\/en\\\/multiplace-hyperbaric-chambers\\\/\",\"url\":\"https:\\\/\\\/oxybarica.com\\\/en\\\/multiplace-hyperbaric-chambers\\\/\",\"name\":\"Multiplace Hyperbaric Chambers - Oxybarica\",\"isPartOf\":{\"@id\":\"https:\\\/\\\/oxybarica.com\\\/#website\"},\"primaryImageOfPage\":{\"@id\":\"https:\\\/\\\/oxybarica.com\\\/en\\\/multiplace-hyperbaric-chambers\\\/#primaryimage\"},\"image\":{\"@id\":\"https:\\\/\\\/oxybarica.com\\\/en\\\/multiplace-hyperbaric-chambers\\\/#primaryimage\"},\"thumbnailUrl\":\"https:\\\/\\\/oxybarica.com\\\/wp-content\\\/uploads\\\/2022\\\/10\\\/Multiplaza-1-e1740137481431.jpg\",\"datePublished\":\"2025-11-26T14:29:42+00:00\",\"dateModified\":\"2025-12-15T11:11:36+00:00\",\"description\":\"Discover our certified multiplace hyperbaric chambers, designed for safe and comfortable treatments.\",\"breadcrumb\":{\"@id\":\"https:\\\/\\\/oxybarica.com\\\/en\\\/multiplace-hyperbaric-chambers\\\/#breadcrumb\"},\"inLanguage\":\"en-US\",\"potentialAction\":[{\"@type\":\"ReadAction\",\"target\":[\"https:\\\/\\\/oxybarica.com\\\/en\\\/multiplace-hyperbaric-chambers\\\/\"]}]},{\"@type\":\"ImageObject\",\"inLanguage\":\"en-US\",\"@id\":\"https:\\\/\\\/oxybarica.com\\\/en\\\/multiplace-hyperbaric-chambers\\\/#primaryimage\",\"url\":\"https:\\\/\\\/oxybarica.com\\\/wp-content\\\/uploads\\\/2022\\\/10\\\/Multiplaza-1-e1740137481431.jpg\",\"contentUrl\":\"https:\\\/\\\/oxybarica.com\\\/wp-content\\\/uploads\\\/2022\\\/10\\\/Multiplaza-1-e1740137481431.jpg\",\"width\":1920,\"height\":1080,\"caption\":\"Hyperbaric chambers manufactured by Oxybarica\"},{\"@type\":\"BreadcrumbList\",\"@id\":\"https:\\\/\\\/oxybarica.com\\\/en\\\/multiplace-hyperbaric-chambers\\\/#breadcrumb\",\"itemListElement\":[{\"@type\":\"ListItem\",\"position\":1,\"name\":\"Portada\",\"item\":\"https:\\\/\\\/oxybarica.com\\\/en\\\/home-2\\\/\"},{\"@type\":\"ListItem\",\"position\":2,\"name\":\"Multiplace Hyperbaric Chambers\"}]},{\"@type\":\"WebSite\",\"@id\":\"https:\\\/\\\/oxybarica.com\\\/#website\",\"url\":\"https:\\\/\\\/oxybarica.com\\\/\",\"name\":\"Oxybarica\",\"description\":\"Empresa espa\u00f1ola fabricante de c\u00e1maras hiperb\u00e1ricas\",\"publisher\":{\"@id\":\"https:\\\/\\\/oxybarica.com\\\/#organization\"},\"potentialAction\":[{\"@type\":\"SearchAction\",\"target\":{\"@type\":\"EntryPoint\",\"urlTemplate\":\"https:\\\/\\\/oxybarica.com\\\/?s={search_term_string}\"},\"query-input\":{\"@type\":\"PropertyValueSpecification\",\"valueRequired\":true,\"valueName\":\"search_term_string\"}}],\"inLanguage\":\"en-US\"},{\"@type\":\"Organization\",\"@id\":\"https:\\\/\\\/oxybarica.com\\\/#organization\",\"name\":\"Oxybarica\",\"url\":\"https:\\\/\\\/oxybarica.com\\\/\",\"logo\":{\"@type\":\"ImageObject\",\"inLanguage\":\"en-US\",\"@id\":\"https:\\\/\\\/oxybarica.com\\\/#\\\/schema\\\/logo\\\/image\\\/\",\"url\":\"https:\\\/\\\/oxybarica.com\\\/wp-content\\\/uploads\\\/2022\\\/05\\\/OXYBARICA-ING-WEB-2.jpg\",\"contentUrl\":\"https:\\\/\\\/oxybarica.com\\\/wp-content\\\/uploads\\\/2022\\\/05\\\/OXYBARICA-ING-WEB-2.jpg\",\"width\":1083,\"height\":414,\"caption\":\"Oxybarica\"},\"image\":{\"@id\":\"https:\\\/\\\/oxybarica.com\\\/#\\\/schema\\\/logo\\\/image\\\/\"},\"sameAs\":[\"https:\\\/\\\/www.facebook.com\\\/profile.php?id=100068342678018\",\"https:\\\/\\\/www.instagram.com\\\/oxybarica\\\/\"]}]}<\/script>\n<!-- \/ Yoast SEO plugin. -->","yoast_head_json":{"title":"Multiplace Hyperbaric Chambers - Oxybarica","description":"Discover our certified multiplace hyperbaric chambers, designed for safe and comfortable treatments.","robots":{"index":"index","follow":"follow","max-snippet":"max-snippet:-1","max-image-preview":"max-image-preview:large","max-video-preview":"max-video-preview:-1"},"canonical":"https:\/\/oxybarica.com\/en\/multiplace-hyperbaric-chambers\/","og_locale":"en_US","og_type":"article","og_title":"Multiplace Hyperbaric Chambers - Oxybarica","og_description":"Discover our certified multiplace hyperbaric chambers, designed for safe and comfortable treatments.","og_url":"https:\/\/oxybarica.com\/en\/multiplace-hyperbaric-chambers\/","og_site_name":"Oxybarica","article_publisher":"https:\/\/www.facebook.com\/profile.php?id=100068342678018","article_modified_time":"2025-12-15T11:11:36+00:00","og_image":[{"width":1920,"height":1080,"url":"https:\/\/oxybarica.com\/wp-content\/uploads\/2022\/10\/Multiplaza-1-e1740137481431.jpg","type":"image\/jpeg"}],"twitter_card":"summary_large_image","twitter_misc":{"Est. reading time":"1 minute"},"schema":{"@context":"https:\/\/schema.org","@graph":[{"@type":"WebPage","@id":"https:\/\/oxybarica.com\/en\/multiplace-hyperbaric-chambers\/","url":"https:\/\/oxybarica.com\/en\/multiplace-hyperbaric-chambers\/","name":"Multiplace Hyperbaric Chambers - Oxybarica","isPartOf":{"@id":"https:\/\/oxybarica.com\/#website"},"primaryImageOfPage":{"@id":"https:\/\/oxybarica.com\/en\/multiplace-hyperbaric-chambers\/#primaryimage"},"image":{"@id":"https:\/\/oxybarica.com\/en\/multiplace-hyperbaric-chambers\/#primaryimage"},"thumbnailUrl":"https:\/\/oxybarica.com\/wp-content\/uploads\/2022\/10\/Multiplaza-1-e1740137481431.jpg","datePublished":"2025-11-26T14:29:42+00:00","dateModified":"2025-12-15T11:11:36+00:00","description":"Discover our certified multiplace hyperbaric chambers, designed for safe and comfortable treatments.","breadcrumb":{"@id":"https:\/\/oxybarica.com\/en\/multiplace-hyperbaric-chambers\/#breadcrumb"},"inLanguage":"en-US","potentialAction":[{"@type":"ReadAction","target":["https:\/\/oxybarica.com\/en\/multiplace-hyperbaric-chambers\/"]}]},{"@type":"ImageObject","inLanguage":"en-US","@id":"https:\/\/oxybarica.com\/en\/multiplace-hyperbaric-chambers\/#primaryimage","url":"https:\/\/oxybarica.com\/wp-content\/uploads\/2022\/10\/Multiplaza-1-e1740137481431.jpg","contentUrl":"https:\/\/oxybarica.com\/wp-content\/uploads\/2022\/10\/Multiplaza-1-e1740137481431.jpg","width":1920,"height":1080,"caption":"Hyperbaric chambers manufactured by Oxybarica"},{"@type":"BreadcrumbList","@id":"https:\/\/oxybarica.com\/en\/multiplace-hyperbaric-chambers\/#breadcrumb","itemListElement":[{"@type":"ListItem","position":1,"name":"Portada","item":"https:\/\/oxybarica.com\/en\/home-2\/"},{"@type":"ListItem","position":2,"name":"Multiplace Hyperbaric Chambers"}]},{"@type":"WebSite","@id":"https:\/\/oxybarica.com\/#website","url":"https:\/\/oxybarica.com\/","name":"Oxybarica","description":"Empresa espa\u00f1ola fabricante de c\u00e1maras hiperb\u00e1ricas","publisher":{"@id":"https:\/\/oxybarica.com\/#organization"},"potentialAction":[{"@type":"SearchAction","target":{"@type":"EntryPoint","urlTemplate":"https:\/\/oxybarica.com\/?s={search_term_string}"},"query-input":{"@type":"PropertyValueSpecification","valueRequired":true,"valueName":"search_term_string"}}],"inLanguage":"en-US"},{"@type":"Organization","@id":"https:\/\/oxybarica.com\/#organization","name":"Oxybarica","url":"https:\/\/oxybarica.com\/","logo":{"@type":"ImageObject","inLanguage":"en-US","@id":"https:\/\/oxybarica.com\/#\/schema\/logo\/image\/","url":"https:\/\/oxybarica.com\/wp-content\/uploads\/2022\/05\/OXYBARICA-ING-WEB-2.jpg","contentUrl":"https:\/\/oxybarica.com\/wp-content\/uploads\/2022\/05\/OXYBARICA-ING-WEB-2.jpg","width":1083,"height":414,"caption":"Oxybarica"},"image":{"@id":"https:\/\/oxybarica.com\/#\/schema\/logo\/image\/"},"sameAs":["https:\/\/www.facebook.com\/profile.php?id=100068342678018","https:\/\/www.instagram.com\/oxybarica\/"]}]}},"_links":{"self":[{"href":"https:\/\/oxybarica.com\/en\/wp-json\/wp\/v2\/pages\/34083","targetHints":{"allow":["GET"]}}],"collection":[{"href":"https:\/\/oxybarica.com\/en\/wp-json\/wp\/v2\/pages"}],"about":[{"href":"https:\/\/oxybarica.com\/en\/wp-json\/wp\/v2\/types\/page"}],"author":[{"embeddable":true,"href":"https:\/\/oxybarica.com\/en\/wp-json\/wp\/v2\/users\/7"}],"replies":[{"embeddable":true,"href":"https:\/\/oxybarica.com\/en\/wp-json\/wp\/v2\/comments?post=34083"}],"version-history":[{"count":11,"href":"https:\/\/oxybarica.com\/en\/wp-json\/wp\/v2\/pages\/34083\/revisions"}],"predecessor-version":[{"id":34476,"href":"https:\/\/oxybarica.com\/en\/wp-json\/wp\/v2\/pages\/34083\/revisions\/34476"}],"wp:featuredmedia":[{"embeddable":true,"href":"https:\/\/oxybarica.com\/en\/wp-json\/wp\/v2\/media\/1342"}],"wp:attachment":[{"href":"https:\/\/oxybarica.com\/en\/wp-json\/wp\/v2\/media?parent=34083"}],"curies":[{"name":"wp","href":"https:\/\/api.w.org\/{rel}","templated":true}]}}