{"id":34118,"date":"2025-11-26T14:32:23","date_gmt":"2025-11-26T14:32:23","guid":{"rendered":"https:\/\/oxybarica.com\/hyperbaric-decompression-chambers\/"},"modified":"2025-12-15T11:05:26","modified_gmt":"2025-12-15T11:05:26","slug":"hyperbaric-decompression-chambers","status":"publish","type":"page","link":"https:\/\/oxybarica.com\/en\/hyperbaric-decompression-chambers\/","title":{"rendered":"Hyperbaric Decompression Chambers"},"content":{"rendered":"\t\t<div data-elementor-type=\"wp-page\" data-elementor-id=\"34118\" class=\"elementor elementor-34118 elementor-34033\">\n\t\t\t\t<div class=\"elementor-element elementor-element-de95d0a e-flex e-con-boxed e-con e-parent\" data-id=\"de95d0a\" data-element_type=\"container\" data-e-type=\"container\">\n\t\t\t\t\t<div class=\"e-con-inner\">\n\t\t\t\t<div class=\"elementor-element elementor-element-b40a2d5 elementor-widget elementor-widget-heading\" data-id=\"b40a2d5\" data-element_type=\"widget\" data-e-type=\"widget\" data-widget_type=\"heading.default\">\n\t\t\t\t<div class=\"elementor-widget-container\">\n\t\t\t\t\t<h2 class=\"elementor-heading-title elementor-size-default\">What are they?<\/h2>\t\t\t\t<\/div>\n\t\t\t\t<\/div>\n\t\t\t\t<div class=\"elementor-element elementor-element-986970b elementor-widget-divider--view-line elementor-widget elementor-widget-divider\" data-id=\"986970b\" data-element_type=\"widget\" data-e-type=\"widget\" data-widget_type=\"divider.default\">\n\t\t\t\t<div class=\"elementor-widget-container\">\n\t\t\t\t\t\t\t<div class=\"elementor-divider\">\n\t\t\t<span class=\"elementor-divider-separator\">\n\t\t\t\t\t\t<\/span>\n\t\t<\/div>\n\t\t\t\t\t\t<\/div>\n\t\t\t\t<\/div>\n\t\t\t\t<div class=\"elementor-element elementor-element-30f2049 elementor-widget elementor-widget-text-editor\" data-id=\"30f2049\" data-element_type=\"widget\" data-e-type=\"widget\" data-widget_type=\"text-editor.default\">\n\t\t\t\t<div class=\"elementor-widget-container\">\n\t\t\t\t\t\t\t\t\t<p data-start=\"136\" data-end=\"415\">Oxybarica hyperbaric decompression chambers are certified as pressure equipment and medical devices. In addition, they incorporate advanced design processes and highly precise manufacturing. These chambers also pass rigorous endurance and functionality tests.<\/p><p data-start=\"417\" data-end=\"831\" data-is-last-node=\"\" data-is-only-node=\"\">A Multiplaza hyperbaric chamber is a sealed container capable of operating at pressures higher than atmospheric pressure. En nuestros modelos, la presi\u00f3n llega hasta 10 ATA. Thanks to this capability, it allows oxygen therapy treatments to be performed on several patients at the same time. The pressure increase is achieved with air. Finally, medical oxygen reaches users through bib masks.<\/p>\t\t\t\t\t\t\t\t<\/div>\n\t\t\t\t<\/div>\n\t\t\t\t\t<\/div>\n\t\t\t\t<\/div>\n\t\t<div class=\"elementor-element elementor-element-d074705 e-flex e-con-boxed e-con e-parent\" data-id=\"d074705\" data-element_type=\"container\" data-e-type=\"container\">\n\t\t\t\t\t<div class=\"e-con-inner\">\n\t\t\t\t<div class=\"elementor-element elementor-element-01c84f2 elementor-widget elementor-widget-heading\" data-id=\"01c84f2\" data-element_type=\"widget\" data-e-type=\"widget\" data-widget_type=\"heading.default\">\n\t\t\t\t<div class=\"elementor-widget-container\">\n\t\t\t\t\t<h2 class=\"elementor-heading-title elementor-size-default\">Our hyperbaric decompression chambers<\/h2>\t\t\t\t<\/div>\n\t\t\t\t<\/div>\n\t\t\t\t<div class=\"elementor-element elementor-element-3211eab elementor-widget-divider--view-line elementor-widget elementor-widget-divider\" data-id=\"3211eab\" data-element_type=\"widget\" data-e-type=\"widget\" data-widget_type=\"divider.default\">\n\t\t\t\t<div class=\"elementor-widget-container\">\n\t\t\t\t\t\t\t<div class=\"elementor-divider\">\n\t\t\t<span class=\"elementor-divider-separator\">\n\t\t\t\t\t\t<\/span>\n\t\t<\/div>\n\t\t\t\t\t\t<\/div>\n\t\t\t\t<\/div>\n\t\t\t\t\t<\/div>\n\t\t\t\t<\/div>\n\t\t<div class=\"elementor-element elementor-element-97be187 e-flex e-con-boxed e-con e-parent\" data-id=\"97be187\" data-element_type=\"container\" data-e-type=\"container\">\n\t\t\t\t\t<div class=\"e-con-inner\">\n\t\t<div class=\"elementor-element elementor-element-2ef381e e-con-full e-flex e-con e-child\" data-id=\"2ef381e\" data-element_type=\"container\" data-e-type=\"container\">\n\t\t\t\t<\/div>\n\t\t<div class=\"elementor-element elementor-element-5387290 e-con-full e-flex e-con e-child\" data-id=\"5387290\" data-element_type=\"container\" data-e-type=\"container\">\n\t\t\t\t<div class=\"elementor-element elementor-element-460405b elementor-position-top elementor-widget elementor-widget-image-box\" data-id=\"460405b\" data-element_type=\"widget\" data-e-type=\"widget\" data-widget_type=\"image-box.default\">\n\t\t\t\t<div class=\"elementor-widget-container\">\n\t\t\t\t\t<div class=\"elementor-image-box-wrapper\"><figure class=\"elementor-image-box-img\"><img fetchpriority=\"high\" decoding=\"async\" width=\"2172\" height=\"1920\" src=\"https:\/\/oxybarica.com\/wp-content\/uploads\/2025\/11\/Rescue-sin-marcas-scaled-e1764146557353.jpg\" class=\"attachment-full size-full wp-image-34060\" alt=\"\" \/><\/figure><div class=\"elementor-image-box-content\"><h3 class=\"elementor-image-box-title\">Oxylife Rescue<\/h3><p class=\"elementor-image-box-description\">Oxylife Rescue is primarily used for the transport of divers under pressure from the accident area to a main hyperbaric medical facility at the hospital.<\/p><\/div><\/div>\t\t\t\t<\/div>\n\t\t\t\t<\/div>\n\t\t\t\t<div class=\"elementor-element elementor-element-78fdd6d elementor-align-center elementor-widget elementor-widget-button\" data-id=\"78fdd6d\" data-element_type=\"widget\" data-e-type=\"widget\" data-widget_type=\"button.default\">\n\t\t\t\t<div class=\"elementor-widget-container\">\n\t\t\t\t\t\t\t\t\t<div class=\"elementor-button-wrapper\">\n\t\t\t\t\t<a class=\"elementor-button elementor-button-link elementor-size-sm\" href=\"https:\/\/oxybarica.com\/en\/oxylife-rescue\/\">\n\t\t\t\t\t\t<span class=\"elementor-button-content-wrapper\">\n\t\t\t\t\t\t\t\t\t<span class=\"elementor-button-text\">Further information<\/span>\n\t\t\t\t\t<\/span>\n\t\t\t\t\t<\/a>\n\t\t\t\t<\/div>\n\t\t\t\t\t\t\t\t<\/div>\n\t\t\t\t<\/div>\n\t\t\t\t<\/div>\n\t\t<div class=\"elementor-element elementor-element-ce2d150 e-con-full e-flex e-con e-child\" data-id=\"ce2d150\" data-element_type=\"container\" data-e-type=\"container\">\n\t\t\t\t<\/div>\n\t\t<div class=\"elementor-element elementor-element-2da1991 e-con-full e-flex e-con e-child\" data-id=\"2da1991\" data-element_type=\"container\" data-e-type=\"container\">\n\t\t\t\t<div class=\"elementor-element elementor-element-6a19468 elementor-position-top elementor-widget elementor-widget-image-box\" data-id=\"6a19468\" data-element_type=\"widget\" data-e-type=\"widget\" data-widget_type=\"image-box.default\">\n\t\t\t\t<div class=\"elementor-widget-container\">\n\t\t\t\t\t<div class=\"elementor-image-box-wrapper\"><figure class=\"elementor-image-box-img\"><img decoding=\"async\" width=\"781\" height=\"598\" src=\"https:\/\/oxybarica.com\/wp-content\/uploads\/2025\/11\/Gemini_Generated_Image_a6psb9a6psb9a6ps.jpg\" class=\"attachment-1536x1536 size-1536x1536 wp-image-34063\" alt=\"\" srcset=\"https:\/\/oxybarica.com\/wp-content\/uploads\/2025\/11\/Gemini_Generated_Image_a6psb9a6psb9a6ps.jpg 781w, https:\/\/oxybarica.com\/wp-content\/uploads\/2025\/11\/Gemini_Generated_Image_a6psb9a6psb9a6ps-300x230.jpg 300w, https:\/\/oxybarica.com\/wp-content\/uploads\/2025\/11\/Gemini_Generated_Image_a6psb9a6psb9a6ps-768x588.jpg 768w, https:\/\/oxybarica.com\/wp-content\/uploads\/2025\/11\/Gemini_Generated_Image_a6psb9a6psb9a6ps-150x115.jpg 150w\" sizes=\"(max-width: 781px) 100vw, 781px\" \/><\/figure><div class=\"elementor-image-box-content\"><h3 class=\"elementor-image-box-title\">Oxylife Diverlife<\/h3><p class=\"elementor-image-box-description\">Oxylife DiverLife is primarily used for exercise, decompression, or chamber jumps but can also be used in case of medical emergencies, as it is CE marked.<\/p><\/div><\/div>\t\t\t\t<\/div>\n\t\t\t\t<\/div>\n\t\t\t\t<div class=\"elementor-element elementor-element-b45dbd9 elementor-align-center elementor-widget elementor-widget-button\" data-id=\"b45dbd9\" data-element_type=\"widget\" data-e-type=\"widget\" data-widget_type=\"button.default\">\n\t\t\t\t<div class=\"elementor-widget-container\">\n\t\t\t\t\t\t\t\t\t<div class=\"elementor-button-wrapper\">\n\t\t\t\t\t<a class=\"elementor-button elementor-button-link elementor-size-sm\" href=\"https:\/\/oxybarica.com\/en\/oxylife-diverlife\/\">\n\t\t\t\t\t\t<span class=\"elementor-button-content-wrapper\">\n\t\t\t\t\t\t\t\t\t<span class=\"elementor-button-text\">Further information<\/span>\n\t\t\t\t\t<\/span>\n\t\t\t\t\t<\/a>\n\t\t\t\t<\/div>\n\t\t\t\t\t\t\t\t<\/div>\n\t\t\t\t<\/div>\n\t\t\t\t<\/div>\n\t\t<div class=\"elementor-element elementor-element-eefb1b1 e-con-full e-flex e-con e-child\" data-id=\"eefb1b1\" data-element_type=\"container\" data-e-type=\"container\">\n\t\t\t\t<\/div>\n\t\t\t\t\t<\/div>\n\t\t\t\t<\/div>\n\t\t\t\t<\/div>\n\t\t","protected":false},"excerpt":{"rendered":"<p>What are they? Oxybarica hyperbaric decompression chambers are certified as pressure equipment and medical devices. In addition, they incorporate advanced design processes and highly precise manufacturing. These chambers also pass rigorous endurance and functionality tests. A Multiplaza hyperbaric chamber is a sealed container capable of operating at pressures higher than atmospheric pressure. En nuestros modelos, [&hellip;]<\/p>\n","protected":false},"author":7,"featured_media":1342,"parent":0,"menu_order":0,"comment_status":"closed","ping_status":"closed","template":"","meta":{"_acf_changed":false,"footnotes":""},"class_list":["post-34118","page","type-page","status-publish","has-post-thumbnail","hentry"],"acf":[],"yoast_head":"<!-- This site is optimized with the Yoast SEO plugin v27.4 - https:\/\/yoast.com\/product\/yoast-seo-wordpress\/ -->\n<title>Hyperbaric Decompression Chambers - Oxybarica<\/title>\n<meta name=\"description\" content=\"Discover our safe, high-quality hyperbaric decompression chambers with advanced technology.\" \/>\n<meta name=\"robots\" content=\"index, follow, max-snippet:-1, max-image-preview:large, max-video-preview:-1\" \/>\n<link rel=\"canonical\" href=\"https:\/\/oxybarica.com\/en\/hyperbaric-decompression-chambers\/\" \/>\n<meta property=\"og:locale\" content=\"en_US\" \/>\n<meta property=\"og:type\" content=\"article\" \/>\n<meta property=\"og:title\" content=\"Hyperbaric Decompression Chambers - Oxybarica\" \/>\n<meta property=\"og:description\" content=\"Discover our safe, high-quality hyperbaric decompression chambers with advanced technology.\" \/>\n<meta property=\"og:url\" content=\"https:\/\/oxybarica.com\/en\/hyperbaric-decompression-chambers\/\" \/>\n<meta property=\"og:site_name\" content=\"Oxybarica\" \/>\n<meta property=\"article:publisher\" content=\"https:\/\/www.facebook.com\/profile.php?id=100068342678018\" \/>\n<meta property=\"article:modified_time\" content=\"2025-12-15T11:05:26+00:00\" \/>\n<meta property=\"og:image\" content=\"https:\/\/oxybarica.com\/wp-content\/uploads\/2022\/10\/Multiplaza-1-e1740137481431.jpg\" \/>\n\t<meta property=\"og:image:width\" content=\"1920\" \/>\n\t<meta property=\"og:image:height\" content=\"1080\" \/>\n\t<meta property=\"og:image:type\" content=\"image\/jpeg\" \/>\n<meta name=\"twitter:card\" content=\"summary_large_image\" \/>\n<meta name=\"twitter:label1\" content=\"Est. reading time\" \/>\n\t<meta name=\"twitter:data1\" content=\"1 minute\" \/>\n<script type=\"application\/ld+json\" class=\"yoast-schema-graph\">{\"@context\":\"https:\\\/\\\/schema.org\",\"@graph\":[{\"@type\":\"WebPage\",\"@id\":\"https:\\\/\\\/oxybarica.com\\\/en\\\/hyperbaric-decompression-chambers\\\/\",\"url\":\"https:\\\/\\\/oxybarica.com\\\/en\\\/hyperbaric-decompression-chambers\\\/\",\"name\":\"Hyperbaric Decompression Chambers - Oxybarica\",\"isPartOf\":{\"@id\":\"https:\\\/\\\/oxybarica.com\\\/#website\"},\"primaryImageOfPage\":{\"@id\":\"https:\\\/\\\/oxybarica.com\\\/en\\\/hyperbaric-decompression-chambers\\\/#primaryimage\"},\"image\":{\"@id\":\"https:\\\/\\\/oxybarica.com\\\/en\\\/hyperbaric-decompression-chambers\\\/#primaryimage\"},\"thumbnailUrl\":\"https:\\\/\\\/oxybarica.com\\\/wp-content\\\/uploads\\\/2022\\\/10\\\/Multiplaza-1-e1740137481431.jpg\",\"datePublished\":\"2025-11-26T14:32:23+00:00\",\"dateModified\":\"2025-12-15T11:05:26+00:00\",\"description\":\"Discover our safe, high-quality hyperbaric decompression chambers with advanced technology.\",\"breadcrumb\":{\"@id\":\"https:\\\/\\\/oxybarica.com\\\/en\\\/hyperbaric-decompression-chambers\\\/#breadcrumb\"},\"inLanguage\":\"en-US\",\"potentialAction\":[{\"@type\":\"ReadAction\",\"target\":[\"https:\\\/\\\/oxybarica.com\\\/en\\\/hyperbaric-decompression-chambers\\\/\"]}]},{\"@type\":\"ImageObject\",\"inLanguage\":\"en-US\",\"@id\":\"https:\\\/\\\/oxybarica.com\\\/en\\\/hyperbaric-decompression-chambers\\\/#primaryimage\",\"url\":\"https:\\\/\\\/oxybarica.com\\\/wp-content\\\/uploads\\\/2022\\\/10\\\/Multiplaza-1-e1740137481431.jpg\",\"contentUrl\":\"https:\\\/\\\/oxybarica.com\\\/wp-content\\\/uploads\\\/2022\\\/10\\\/Multiplaza-1-e1740137481431.jpg\",\"width\":1920,\"height\":1080,\"caption\":\"Hyperbaric chambers manufactured by Oxybarica\"},{\"@type\":\"BreadcrumbList\",\"@id\":\"https:\\\/\\\/oxybarica.com\\\/en\\\/hyperbaric-decompression-chambers\\\/#breadcrumb\",\"itemListElement\":[{\"@type\":\"ListItem\",\"position\":1,\"name\":\"Portada\",\"item\":\"https:\\\/\\\/oxybarica.com\\\/en\\\/home-2\\\/\"},{\"@type\":\"ListItem\",\"position\":2,\"name\":\"Hyperbaric Decompression Chambers\"}]},{\"@type\":\"WebSite\",\"@id\":\"https:\\\/\\\/oxybarica.com\\\/#website\",\"url\":\"https:\\\/\\\/oxybarica.com\\\/\",\"name\":\"Oxybarica\",\"description\":\"Empresa espa\u00f1ola fabricante de c\u00e1maras hiperb\u00e1ricas\",\"publisher\":{\"@id\":\"https:\\\/\\\/oxybarica.com\\\/#organization\"},\"potentialAction\":[{\"@type\":\"SearchAction\",\"target\":{\"@type\":\"EntryPoint\",\"urlTemplate\":\"https:\\\/\\\/oxybarica.com\\\/?s={search_term_string}\"},\"query-input\":{\"@type\":\"PropertyValueSpecification\",\"valueRequired\":true,\"valueName\":\"search_term_string\"}}],\"inLanguage\":\"en-US\"},{\"@type\":\"Organization\",\"@id\":\"https:\\\/\\\/oxybarica.com\\\/#organization\",\"name\":\"Oxybarica\",\"url\":\"https:\\\/\\\/oxybarica.com\\\/\",\"logo\":{\"@type\":\"ImageObject\",\"inLanguage\":\"en-US\",\"@id\":\"https:\\\/\\\/oxybarica.com\\\/#\\\/schema\\\/logo\\\/image\\\/\",\"url\":\"https:\\\/\\\/oxybarica.com\\\/wp-content\\\/uploads\\\/2022\\\/05\\\/OXYBARICA-ING-WEB-2.jpg\",\"contentUrl\":\"https:\\\/\\\/oxybarica.com\\\/wp-content\\\/uploads\\\/2022\\\/05\\\/OXYBARICA-ING-WEB-2.jpg\",\"width\":1083,\"height\":414,\"caption\":\"Oxybarica\"},\"image\":{\"@id\":\"https:\\\/\\\/oxybarica.com\\\/#\\\/schema\\\/logo\\\/image\\\/\"},\"sameAs\":[\"https:\\\/\\\/www.facebook.com\\\/profile.php?id=100068342678018\",\"https:\\\/\\\/www.instagram.com\\\/oxybarica\\\/\"]}]}<\/script>\n<!-- \/ Yoast SEO plugin. -->","yoast_head_json":{"title":"Hyperbaric Decompression Chambers - Oxybarica","description":"Discover our safe, high-quality hyperbaric decompression chambers with advanced technology.","robots":{"index":"index","follow":"follow","max-snippet":"max-snippet:-1","max-image-preview":"max-image-preview:large","max-video-preview":"max-video-preview:-1"},"canonical":"https:\/\/oxybarica.com\/en\/hyperbaric-decompression-chambers\/","og_locale":"en_US","og_type":"article","og_title":"Hyperbaric Decompression Chambers - Oxybarica","og_description":"Discover our safe, high-quality hyperbaric decompression chambers with advanced technology.","og_url":"https:\/\/oxybarica.com\/en\/hyperbaric-decompression-chambers\/","og_site_name":"Oxybarica","article_publisher":"https:\/\/www.facebook.com\/profile.php?id=100068342678018","article_modified_time":"2025-12-15T11:05:26+00:00","og_image":[{"width":1920,"height":1080,"url":"https:\/\/oxybarica.com\/wp-content\/uploads\/2022\/10\/Multiplaza-1-e1740137481431.jpg","type":"image\/jpeg"}],"twitter_card":"summary_large_image","twitter_misc":{"Est. reading time":"1 minute"},"schema":{"@context":"https:\/\/schema.org","@graph":[{"@type":"WebPage","@id":"https:\/\/oxybarica.com\/en\/hyperbaric-decompression-chambers\/","url":"https:\/\/oxybarica.com\/en\/hyperbaric-decompression-chambers\/","name":"Hyperbaric Decompression Chambers - Oxybarica","isPartOf":{"@id":"https:\/\/oxybarica.com\/#website"},"primaryImageOfPage":{"@id":"https:\/\/oxybarica.com\/en\/hyperbaric-decompression-chambers\/#primaryimage"},"image":{"@id":"https:\/\/oxybarica.com\/en\/hyperbaric-decompression-chambers\/#primaryimage"},"thumbnailUrl":"https:\/\/oxybarica.com\/wp-content\/uploads\/2022\/10\/Multiplaza-1-e1740137481431.jpg","datePublished":"2025-11-26T14:32:23+00:00","dateModified":"2025-12-15T11:05:26+00:00","description":"Discover our safe, high-quality hyperbaric decompression chambers with advanced technology.","breadcrumb":{"@id":"https:\/\/oxybarica.com\/en\/hyperbaric-decompression-chambers\/#breadcrumb"},"inLanguage":"en-US","potentialAction":[{"@type":"ReadAction","target":["https:\/\/oxybarica.com\/en\/hyperbaric-decompression-chambers\/"]}]},{"@type":"ImageObject","inLanguage":"en-US","@id":"https:\/\/oxybarica.com\/en\/hyperbaric-decompression-chambers\/#primaryimage","url":"https:\/\/oxybarica.com\/wp-content\/uploads\/2022\/10\/Multiplaza-1-e1740137481431.jpg","contentUrl":"https:\/\/oxybarica.com\/wp-content\/uploads\/2022\/10\/Multiplaza-1-e1740137481431.jpg","width":1920,"height":1080,"caption":"Hyperbaric chambers manufactured by Oxybarica"},{"@type":"BreadcrumbList","@id":"https:\/\/oxybarica.com\/en\/hyperbaric-decompression-chambers\/#breadcrumb","itemListElement":[{"@type":"ListItem","position":1,"name":"Portada","item":"https:\/\/oxybarica.com\/en\/home-2\/"},{"@type":"ListItem","position":2,"name":"Hyperbaric Decompression Chambers"}]},{"@type":"WebSite","@id":"https:\/\/oxybarica.com\/#website","url":"https:\/\/oxybarica.com\/","name":"Oxybarica","description":"Empresa espa\u00f1ola fabricante de c\u00e1maras hiperb\u00e1ricas","publisher":{"@id":"https:\/\/oxybarica.com\/#organization"},"potentialAction":[{"@type":"SearchAction","target":{"@type":"EntryPoint","urlTemplate":"https:\/\/oxybarica.com\/?s={search_term_string}"},"query-input":{"@type":"PropertyValueSpecification","valueRequired":true,"valueName":"search_term_string"}}],"inLanguage":"en-US"},{"@type":"Organization","@id":"https:\/\/oxybarica.com\/#organization","name":"Oxybarica","url":"https:\/\/oxybarica.com\/","logo":{"@type":"ImageObject","inLanguage":"en-US","@id":"https:\/\/oxybarica.com\/#\/schema\/logo\/image\/","url":"https:\/\/oxybarica.com\/wp-content\/uploads\/2022\/05\/OXYBARICA-ING-WEB-2.jpg","contentUrl":"https:\/\/oxybarica.com\/wp-content\/uploads\/2022\/05\/OXYBARICA-ING-WEB-2.jpg","width":1083,"height":414,"caption":"Oxybarica"},"image":{"@id":"https:\/\/oxybarica.com\/#\/schema\/logo\/image\/"},"sameAs":["https:\/\/www.facebook.com\/profile.php?id=100068342678018","https:\/\/www.instagram.com\/oxybarica\/"]}]}},"_links":{"self":[{"href":"https:\/\/oxybarica.com\/en\/wp-json\/wp\/v2\/pages\/34118","targetHints":{"allow":["GET"]}}],"collection":[{"href":"https:\/\/oxybarica.com\/en\/wp-json\/wp\/v2\/pages"}],"about":[{"href":"https:\/\/oxybarica.com\/en\/wp-json\/wp\/v2\/types\/page"}],"author":[{"embeddable":true,"href":"https:\/\/oxybarica.com\/en\/wp-json\/wp\/v2\/users\/7"}],"replies":[{"embeddable":true,"href":"https:\/\/oxybarica.com\/en\/wp-json\/wp\/v2\/comments?post=34118"}],"version-history":[{"count":11,"href":"https:\/\/oxybarica.com\/en\/wp-json\/wp\/v2\/pages\/34118\/revisions"}],"predecessor-version":[{"id":34472,"href":"https:\/\/oxybarica.com\/en\/wp-json\/wp\/v2\/pages\/34118\/revisions\/34472"}],"wp:featuredmedia":[{"embeddable":true,"href":"https:\/\/oxybarica.com\/en\/wp-json\/wp\/v2\/media\/1342"}],"wp:attachment":[{"href":"https:\/\/oxybarica.com\/en\/wp-json\/wp\/v2\/media?parent=34118"}],"curies":[{"name":"wp","href":"https:\/\/api.w.org\/{rel}","templated":true}]}}