{"id":34223,"date":"2025-11-26T15:13:36","date_gmt":"2025-11-26T15:13:36","guid":{"rendered":"https:\/\/oxybarica.com\/monoplace-hyperbaric-chambers\/"},"modified":"2025-12-15T10:42:10","modified_gmt":"2025-12-15T10:42:10","slug":"monoplace-hyperbaric-chambers","status":"publish","type":"page","link":"https:\/\/oxybarica.com\/en\/monoplace-hyperbaric-chambers\/","title":{"rendered":"Monoplace Hyperbaric Chambers"},"content":{"rendered":"\t\t<div data-elementor-type=\"wp-page\" data-elementor-id=\"34223\" class=\"elementor elementor-34223\">\n\t\t\t\t<div class=\"elementor-element elementor-element-de95d0a e-flex e-con-boxed e-con e-parent\" data-id=\"de95d0a\" data-element_type=\"container\" data-e-type=\"container\">\n\t\t\t\t\t<div class=\"e-con-inner\">\n\t\t\t\t<div class=\"elementor-element elementor-element-b40a2d5 elementor-widget elementor-widget-heading\" data-id=\"b40a2d5\" data-element_type=\"widget\" data-e-type=\"widget\" data-widget_type=\"heading.default\">\n\t\t\t\t<div class=\"elementor-widget-container\">\n\t\t\t\t\t<h2 class=\"elementor-heading-title elementor-size-default\">What are they?<\/h2>\t\t\t\t<\/div>\n\t\t\t\t<\/div>\n\t\t\t\t<div class=\"elementor-element elementor-element-986970b elementor-widget-divider--view-line elementor-widget elementor-widget-divider\" data-id=\"986970b\" data-element_type=\"widget\" data-e-type=\"widget\" data-widget_type=\"divider.default\">\n\t\t\t\t<div class=\"elementor-widget-container\">\n\t\t\t\t\t\t\t<div class=\"elementor-divider\">\n\t\t\t<span class=\"elementor-divider-separator\">\n\t\t\t\t\t\t<\/span>\n\t\t<\/div>\n\t\t\t\t\t\t<\/div>\n\t\t\t\t<\/div>\n\t\t\t\t<div class=\"elementor-element elementor-element-30f2049 elementor-widget elementor-widget-text-editor\" data-id=\"30f2049\" data-element_type=\"widget\" data-e-type=\"widget\" data-widget_type=\"text-editor.default\">\n\t\t\t\t<div class=\"elementor-widget-container\">\n\t\t\t\t\t\t\t\t\t<p data-start=\"120\" data-end=\"370\">A monoplace hyperbaric chamber is an airtight container that can withstand pressures higher than atmospheric pressure. In our models, the pressure reaches up to 3 ATA. It also allows oxygen therapy treatments to be performed on a single patient per session.  <br><br><\/p><p data-start=\"372\" data-end=\"818\">The Monoplace Hyperbaric Chambers manufactured by Oxybarica Impactos Internacionales are certified medical devices with high quality standards. They also feature large windows or a full body made of high-impact polished acrylic. This reduces the feeling of claustrophobia.<br data-start=\"675\" data-end=\"678\">In addition, they can be compressed with air while the patient breathes oxygen through a mask, or compressed directly with oxygen.<br><br><\/p><p data-start=\"820\" data-end=\"991\" data-is-last-node=\"\" data-is-only-node=\"\">These chambers are intended for therapeutic treatments for one patient at a time. Therefore, they offer several advantages over multiplace chambers, such as: <\/p>\t\t\t\t\t\t\t\t<\/div>\n\t\t\t\t<\/div>\n\t\t\t\t<div class=\"elementor-element elementor-element-277cfbe elementor-icon-list--layout-inline elementor-align-center elementor-tablet-align-start elementor-list-item-link-full_width elementor-widget elementor-widget-icon-list\" data-id=\"277cfbe\" data-element_type=\"widget\" data-e-type=\"widget\" data-widget_type=\"icon-list.default\">\n\t\t\t\t<div class=\"elementor-widget-container\">\n\t\t\t\t\t\t\t<ul class=\"elementor-icon-list-items elementor-inline-items\">\n\t\t\t\t\t\t\t<li class=\"elementor-icon-list-item elementor-inline-item\">\n\t\t\t\t\t\t\t\t\t\t\t<span class=\"elementor-icon-list-icon\">\n\t\t\t\t\t\t\t<svg aria-hidden=\"true\" class=\"e-font-icon-svg e-fas-head-side-cough\" viewBox=\"0 0 640 512\" xmlns=\"http:\/\/www.w3.org\/2000\/svg\"><path d=\"M616,304a24,24,0,1,0-24-24A24,24,0,0,0,616,304ZM552,416a24,24,0,1,0,24,24A24,24,0,0,0,552,416Zm-64-56a24,24,0,1,0,24,24A24,24,0,0,0,488,360ZM616,464a24,24,0,1,0,24,24A24,24,0,0,0,616,464Zm0-104a24,24,0,1,0,24,24A24,24,0,0,0,616,360Zm-64-40a24,24,0,1,0,24,24A24,24,0,0,0,552,320Zm-74.78-45c-21-47.12-48.5-151.75-73.12-186.75A208.13,208.13,0,0,0,234.1,0H192C86,0,0,86,0,192c0,56.75,24.75,107.62,64,142.88V512H288V480h64a64,64,0,0,0,64-64H320a32,32,0,0,1,0-64h96V320h32A32,32,0,0,0,477.22,275ZM288,224a32,32,0,1,1,32-32A32.07,32.07,0,0,1,288,224Z\"><\/path><\/svg>\t\t\t\t\t\t<\/span>\n\t\t\t\t\t\t\t\t\t\t<span class=\"elementor-icon-list-text\">More direct communication<\/span>\n\t\t\t\t\t\t\t\t\t<\/li>\n\t\t\t\t\t\t\t\t<li class=\"elementor-icon-list-item elementor-inline-item\">\n\t\t\t\t\t\t\t\t\t\t\t<span class=\"elementor-icon-list-icon\">\n\t\t\t\t\t\t\t<svg aria-hidden=\"true\" class=\"e-font-icon-svg e-fas-hand-lizard\" viewBox=\"0 0 576 512\" xmlns=\"http:\/\/www.w3.org\/2000\/svg\"><path d=\"M384 480h192V363.778a95.998 95.998 0 0 0-14.833-51.263L398.127 54.368A48 48 0 0 0 357.544 32H24C10.745 32 0 42.745 0 56v16c0 30.928 25.072 56 56 56h229.981c12.844 0 21.556 13.067 16.615 24.923l-21.41 51.385A32 32 0 0 1 251.648 224H128c-35.346 0-64 28.654-64 64v8c0 13.255 10.745 24 24 24h147.406a47.995 47.995 0 0 1 25.692 7.455l111.748 70.811A24.001 24.001 0 0 1 384 418.539V480z\"><\/path><\/svg>\t\t\t\t\t\t<\/span>\n\t\t\t\t\t\t\t\t\t\t<span class=\"elementor-icon-list-text\">Takes up less space <\/span>\n\t\t\t\t\t\t\t\t\t<\/li>\n\t\t\t\t\t\t\t\t<li class=\"elementor-icon-list-item elementor-inline-item\">\n\t\t\t\t\t\t\t\t\t\t\t<span class=\"elementor-icon-list-icon\">\n\t\t\t\t\t\t\t<svg aria-hidden=\"true\" class=\"e-font-icon-svg e-fas-plug\" viewBox=\"0 0 384 512\" xmlns=\"http:\/\/www.w3.org\/2000\/svg\"><path d=\"M320,32a32,32,0,0,0-64,0v96h64Zm48,128H16A16,16,0,0,0,0,176v32a16,16,0,0,0,16,16H32v32A160.07,160.07,0,0,0,160,412.8V512h64V412.8A160.07,160.07,0,0,0,352,256V224h16a16,16,0,0,0,16-16V176A16,16,0,0,0,368,160ZM128,32a32,32,0,0,0-64,0v96h64Z\"><\/path><\/svg>\t\t\t\t\t\t<\/span>\n\t\t\t\t\t\t\t\t\t\t<span class=\"elementor-icon-list-text\">No electricity required<\/span>\n\t\t\t\t\t\t\t\t\t<\/li>\n\t\t\t\t\t\t<\/ul>\n\t\t\t\t\t\t<\/div>\n\t\t\t\t<\/div>\n\t\t\t\t\t<\/div>\n\t\t\t\t<\/div>\n\t\t<div class=\"elementor-element elementor-element-d074705 e-flex e-con-boxed e-con e-parent\" data-id=\"d074705\" data-element_type=\"container\" data-e-type=\"container\">\n\t\t\t\t\t<div class=\"e-con-inner\">\n\t\t\t\t<div class=\"elementor-element elementor-element-01c84f2 elementor-widget elementor-widget-heading\" data-id=\"01c84f2\" data-element_type=\"widget\" data-e-type=\"widget\" data-widget_type=\"heading.default\">\n\t\t\t\t<div class=\"elementor-widget-container\">\n\t\t\t\t\t<h2 class=\"elementor-heading-title elementor-size-default\">Our monoplace hyperbaric chambers<\/h2>\t\t\t\t<\/div>\n\t\t\t\t<\/div>\n\t\t\t\t<div class=\"elementor-element elementor-element-3211eab elementor-widget-divider--view-line elementor-widget elementor-widget-divider\" data-id=\"3211eab\" data-element_type=\"widget\" data-e-type=\"widget\" data-widget_type=\"divider.default\">\n\t\t\t\t<div class=\"elementor-widget-container\">\n\t\t\t\t\t\t\t<div class=\"elementor-divider\">\n\t\t\t<span class=\"elementor-divider-separator\">\n\t\t\t\t\t\t<\/span>\n\t\t<\/div>\n\t\t\t\t\t\t<\/div>\n\t\t\t\t<\/div>\n\t\t\t\t\t<\/div>\n\t\t\t\t<\/div>\n\t\t<div class=\"elementor-element elementor-element-f4a758b e-flex e-con-boxed e-con e-parent\" data-id=\"f4a758b\" data-element_type=\"container\" data-e-type=\"container\">\n\t\t\t\t\t<div class=\"e-con-inner\">\n\t\t<div class=\"elementor-element elementor-element-417e8cf e-con-full e-flex e-con e-child\" data-id=\"417e8cf\" data-element_type=\"container\" data-e-type=\"container\">\n\t\t\t\t<\/div>\n\t\t<div class=\"elementor-element elementor-element-a2e24f4 e-con-full e-flex e-con e-child\" data-id=\"a2e24f4\" data-element_type=\"container\" data-e-type=\"container\">\n\t\t\t\t<div class=\"elementor-element elementor-element-6931a20 elementor-position-top elementor-widget elementor-widget-image-box\" data-id=\"6931a20\" data-element_type=\"widget\" data-e-type=\"widget\" data-widget_type=\"image-box.default\">\n\t\t\t\t<div class=\"elementor-widget-container\">\n\t\t\t\t\t<div class=\"elementor-image-box-wrapper\"><figure class=\"elementor-image-box-img\"><img fetchpriority=\"high\" decoding=\"async\" width=\"730\" height=\"430\" src=\"https:\/\/oxybarica.com\/wp-content\/uploads\/2025\/11\/Pag-web-2-730x430.png\" class=\"attachment-post size-post wp-image-34093\" alt=\"\" \/><\/figure><div class=\"elementor-image-box-content\"><h3 class=\"elementor-image-box-title\">Oxylife 90L<\/h3><p class=\"elementor-image-box-description\">The Oxylife 90 is a monoplace chamber for oxygen supply with 100% concentration at a maximum pressure of 3 atmospheres absolute (3 ATA).<\/p><\/div><\/div>\t\t\t\t<\/div>\n\t\t\t\t<\/div>\n\t\t\t\t<div class=\"elementor-element elementor-element-e4d9865 elementor-align-center elementor-widget elementor-widget-button\" data-id=\"e4d9865\" data-element_type=\"widget\" data-e-type=\"widget\" data-widget_type=\"button.default\">\n\t\t\t\t<div class=\"elementor-widget-container\">\n\t\t\t\t\t\t\t\t\t<div class=\"elementor-button-wrapper\">\n\t\t\t\t\t<a class=\"elementor-button elementor-button-link elementor-size-sm\" href=\"https:\/\/oxybarica.com\/en\/oxylife-90l\/\">\n\t\t\t\t\t\t<span class=\"elementor-button-content-wrapper\">\n\t\t\t\t\t\t\t\t\t<span class=\"elementor-button-text\">Further information<\/span>\n\t\t\t\t\t<\/span>\n\t\t\t\t\t<\/a>\n\t\t\t\t<\/div>\n\t\t\t\t\t\t\t\t<\/div>\n\t\t\t\t<\/div>\n\t\t\t\t<\/div>\n\t\t<div class=\"elementor-element elementor-element-639cd2e e-con-full e-flex e-con e-child\" data-id=\"639cd2e\" data-element_type=\"container\" data-e-type=\"container\">\n\t\t\t\t<\/div>\n\t\t<div class=\"elementor-element elementor-element-625aaca e-con-full e-flex e-con e-child\" data-id=\"625aaca\" data-element_type=\"container\" data-e-type=\"container\">\n\t\t\t\t<div class=\"elementor-element elementor-element-566aa6f elementor-position-top elementor-widget elementor-widget-image-box\" data-id=\"566aa6f\" data-element_type=\"widget\" data-e-type=\"widget\" data-widget_type=\"image-box.default\">\n\t\t\t\t<div class=\"elementor-widget-container\">\n\t\t\t\t\t<div class=\"elementor-image-box-wrapper\"><figure class=\"elementor-image-box-img\"><img decoding=\"async\" width=\"730\" height=\"430\" src=\"https:\/\/oxybarica.com\/wp-content\/uploads\/2025\/11\/Gemini_Generated_Image_1n84xf1n84xf1n84-e1764160750118-730x430.jpg\" class=\"attachment-post size-post wp-image-34108\" alt=\"\" \/><\/figure><div class=\"elementor-image-box-content\"><h3 class=\"elementor-image-box-title\">Oxylife 110<\/h3><p class=\"elementor-image-box-description\">The Oxylife 110 is an equipment developed specifically for the Australian market, designing a new locking system and stretcher, and longer windows.<\/p><\/div><\/div>\t\t\t\t<\/div>\n\t\t\t\t<\/div>\n\t\t\t\t<div class=\"elementor-element elementor-element-fd17450 elementor-align-center elementor-widget elementor-widget-button\" data-id=\"fd17450\" data-element_type=\"widget\" data-e-type=\"widget\" data-widget_type=\"button.default\">\n\t\t\t\t<div class=\"elementor-widget-container\">\n\t\t\t\t\t\t\t\t\t<div class=\"elementor-button-wrapper\">\n\t\t\t\t\t<a class=\"elementor-button elementor-button-link elementor-size-sm\" href=\"https:\/\/oxybarica.com\/en\/oxylife-110\/\">\n\t\t\t\t\t\t<span class=\"elementor-button-content-wrapper\">\n\t\t\t\t\t\t\t\t\t<span class=\"elementor-button-text\">Further information<\/span>\n\t\t\t\t\t<\/span>\n\t\t\t\t\t<\/a>\n\t\t\t\t<\/div>\n\t\t\t\t\t\t\t\t<\/div>\n\t\t\t\t<\/div>\n\t\t\t\t<\/div>\n\t\t\t\t\t<\/div>\n\t\t\t\t<\/div>\n\t\t<div class=\"elementor-element elementor-element-97be187 e-flex e-con-boxed e-con e-parent\" data-id=\"97be187\" data-element_type=\"container\" data-e-type=\"container\">\n\t\t\t\t\t<div class=\"e-con-inner\">\n\t\t<div class=\"elementor-element elementor-element-2ef381e e-con-full e-flex e-con e-child\" data-id=\"2ef381e\" data-element_type=\"container\" data-e-type=\"container\">\n\t\t\t\t<\/div>\n\t\t<div class=\"elementor-element elementor-element-5387290 e-con-full e-flex e-con e-child\" data-id=\"5387290\" data-element_type=\"container\" data-e-type=\"container\">\n\t\t\t\t<div class=\"elementor-element elementor-element-385c0f3 elementor-position-top elementor-widget elementor-widget-image-box\" data-id=\"385c0f3\" data-element_type=\"widget\" data-e-type=\"widget\" data-widget_type=\"image-box.default\">\n\t\t\t\t<div class=\"elementor-widget-container\">\n\t\t\t\t\t<div class=\"elementor-image-box-wrapper\"><figure class=\"elementor-image-box-img\"><img decoding=\"async\" width=\"730\" height=\"430\" src=\"https:\/\/oxybarica.com\/wp-content\/uploads\/2025\/11\/Gemini_Generated_Image_8ih56e8ih56e8ih5-730x430.jpg\" class=\"attachment-post size-post wp-image-34095\" alt=\"\" \/><\/figure><div class=\"elementor-image-box-content\"><h3 class=\"elementor-image-box-title\">Oxylife 180<\/h3><p class=\"elementor-image-box-description\">The Oxylife 180 Model is a half-body chamber made of high-impact polished acrylic to increase patient comfort, in addition to having an automatic system.<\/p><\/div><\/div>\t\t\t\t<\/div>\n\t\t\t\t<\/div>\n\t\t\t\t<div class=\"elementor-element elementor-element-78fdd6d elementor-align-center elementor-widget elementor-widget-button\" data-id=\"78fdd6d\" data-element_type=\"widget\" data-e-type=\"widget\" data-widget_type=\"button.default\">\n\t\t\t\t<div class=\"elementor-widget-container\">\n\t\t\t\t\t\t\t\t\t<div class=\"elementor-button-wrapper\">\n\t\t\t\t\t<a class=\"elementor-button elementor-button-link elementor-size-sm\" href=\"https:\/\/oxybarica.com\/en\/oxylife-180\/\">\n\t\t\t\t\t\t<span class=\"elementor-button-content-wrapper\">\n\t\t\t\t\t\t\t\t\t<span class=\"elementor-button-text\">Further information<\/span>\n\t\t\t\t\t<\/span>\n\t\t\t\t\t<\/a>\n\t\t\t\t<\/div>\n\t\t\t\t\t\t\t\t<\/div>\n\t\t\t\t<\/div>\n\t\t\t\t<\/div>\n\t\t<div class=\"elementor-element elementor-element-fc266b8 e-con-full e-flex e-con e-child\" data-id=\"fc266b8\" data-element_type=\"container\" data-e-type=\"container\">\n\t\t\t\t<\/div>\n\t\t<div class=\"elementor-element elementor-element-eefb1b1 e-con-full e-flex e-con e-child\" data-id=\"eefb1b1\" data-element_type=\"container\" data-e-type=\"container\">\n\t\t\t\t<div class=\"elementor-element elementor-element-460405b elementor-position-top elementor-widget elementor-widget-image-box\" data-id=\"460405b\" data-element_type=\"widget\" data-e-type=\"widget\" data-widget_type=\"image-box.default\">\n\t\t\t\t<div class=\"elementor-widget-container\">\n\t\t\t\t\t<div class=\"elementor-image-box-wrapper\"><figure class=\"elementor-image-box-img\"><img loading=\"lazy\" decoding=\"async\" width=\"730\" height=\"430\" src=\"https:\/\/oxybarica.com\/wp-content\/uploads\/2025\/11\/Pag-web-730x430.png\" class=\"attachment-post size-post wp-image-34097\" alt=\"\" \/><\/figure><div class=\"elementor-image-box-content\"><h3 class=\"elementor-image-box-title\">Oxylife 90 W<\/h3><p class=\"elementor-image-box-description\">The Oxylife 90W is a monoplace chamber that provides 2.0 ATA air compression and mask-on-demand oxygen delivery (Bibs).<\/p><\/div><\/div>\t\t\t\t<\/div>\n\t\t\t\t<\/div>\n\t\t\t\t<div class=\"elementor-element elementor-element-9597a39 elementor-align-center elementor-widget elementor-widget-button\" data-id=\"9597a39\" data-element_type=\"widget\" data-e-type=\"widget\" data-widget_type=\"button.default\">\n\t\t\t\t<div class=\"elementor-widget-container\">\n\t\t\t\t\t\t\t\t\t<div class=\"elementor-button-wrapper\">\n\t\t\t\t\t<a class=\"elementor-button elementor-button-link elementor-size-sm\" href=\"https:\/\/oxybarica.com\/en\/oxylife-90w\/\">\n\t\t\t\t\t\t<span class=\"elementor-button-content-wrapper\">\n\t\t\t\t\t\t\t\t\t<span class=\"elementor-button-text\">Further information<\/span>\n\t\t\t\t\t<\/span>\n\t\t\t\t\t<\/a>\n\t\t\t\t<\/div>\n\t\t\t\t\t\t\t\t<\/div>\n\t\t\t\t<\/div>\n\t\t\t\t<\/div>\n\t\t\t\t\t<\/div>\n\t\t\t\t<\/div>\n\t\t\t\t<\/div>\n\t\t","protected":false},"excerpt":{"rendered":"<p>What are they? A monoplace hyperbaric chamber is an airtight container that can withstand pressures higher than atmospheric pressure. In our models, the pressure reaches up to 3 ATA. It also allows oxygen therapy treatments to be performed on a single patient per session. The Monoplace Hyperbaric Chambers manufactured by Oxybarica Impactos Internacionales are certified [&hellip;]<\/p>\n","protected":false},"author":7,"featured_media":34085,"parent":0,"menu_order":0,"comment_status":"closed","ping_status":"closed","template":"","meta":{"_acf_changed":false,"footnotes":""},"class_list":["post-34223","page","type-page","status-publish","has-post-thumbnail","hentry"],"acf":[],"yoast_head":"<!-- This site is optimized with the Yoast SEO plugin v27.4 - https:\/\/yoast.com\/product\/yoast-seo-wordpress\/ -->\n<title>Monoplace Hyperbaric Chambers - Oxybarica<\/title>\n<meta name=\"description\" content=\"Discover our certified monoplace hyperbaric chambers, designed for safe and comfortable treatments.\" \/>\n<meta name=\"robots\" content=\"index, follow, max-snippet:-1, max-image-preview:large, max-video-preview:-1\" \/>\n<link rel=\"canonical\" href=\"https:\/\/oxybarica.com\/en\/monoplace-hyperbaric-chambers\/\" \/>\n<meta property=\"og:locale\" content=\"en_US\" \/>\n<meta property=\"og:type\" content=\"article\" \/>\n<meta property=\"og:title\" content=\"Monoplace Hyperbaric Chambers - Oxybarica\" \/>\n<meta property=\"og:description\" content=\"Discover our certified monoplace hyperbaric chambers, designed for safe and comfortable treatments.\" \/>\n<meta property=\"og:url\" content=\"https:\/\/oxybarica.com\/en\/monoplace-hyperbaric-chambers\/\" \/>\n<meta property=\"og:site_name\" content=\"Oxybarica\" \/>\n<meta property=\"article:publisher\" content=\"https:\/\/www.facebook.com\/profile.php?id=100068342678018\" \/>\n<meta property=\"article:modified_time\" content=\"2025-12-15T10:42:10+00:00\" \/>\n<meta property=\"og:image\" content=\"https:\/\/oxybarica.com\/wp-content\/uploads\/2025\/11\/Dos-camaras-1024x768.png\" \/>\n\t<meta property=\"og:image:width\" content=\"1024\" \/>\n\t<meta property=\"og:image:height\" content=\"768\" \/>\n\t<meta property=\"og:image:type\" content=\"image\/png\" \/>\n<meta name=\"twitter:card\" content=\"summary_large_image\" \/>\n<meta name=\"twitter:label1\" content=\"Est. reading time\" \/>\n\t<meta name=\"twitter:data1\" content=\"1 minute\" \/>\n<script type=\"application\/ld+json\" class=\"yoast-schema-graph\">{\"@context\":\"https:\\\/\\\/schema.org\",\"@graph\":[{\"@type\":\"WebPage\",\"@id\":\"https:\\\/\\\/oxybarica.com\\\/en\\\/monoplace-hyperbaric-chambers\\\/\",\"url\":\"https:\\\/\\\/oxybarica.com\\\/en\\\/monoplace-hyperbaric-chambers\\\/\",\"name\":\"Monoplace Hyperbaric Chambers - Oxybarica\",\"isPartOf\":{\"@id\":\"https:\\\/\\\/oxybarica.com\\\/#website\"},\"primaryImageOfPage\":{\"@id\":\"https:\\\/\\\/oxybarica.com\\\/en\\\/monoplace-hyperbaric-chambers\\\/#primaryimage\"},\"image\":{\"@id\":\"https:\\\/\\\/oxybarica.com\\\/en\\\/monoplace-hyperbaric-chambers\\\/#primaryimage\"},\"thumbnailUrl\":\"https:\\\/\\\/oxybarica.com\\\/wp-content\\\/uploads\\\/2025\\\/11\\\/Dos-camaras.png\",\"datePublished\":\"2025-11-26T15:13:36+00:00\",\"dateModified\":\"2025-12-15T10:42:10+00:00\",\"description\":\"Discover our certified monoplace hyperbaric chambers, designed for safe and comfortable treatments.\",\"breadcrumb\":{\"@id\":\"https:\\\/\\\/oxybarica.com\\\/en\\\/monoplace-hyperbaric-chambers\\\/#breadcrumb\"},\"inLanguage\":\"en-US\",\"potentialAction\":[{\"@type\":\"ReadAction\",\"target\":[\"https:\\\/\\\/oxybarica.com\\\/en\\\/monoplace-hyperbaric-chambers\\\/\"]}]},{\"@type\":\"ImageObject\",\"inLanguage\":\"en-US\",\"@id\":\"https:\\\/\\\/oxybarica.com\\\/en\\\/monoplace-hyperbaric-chambers\\\/#primaryimage\",\"url\":\"https:\\\/\\\/oxybarica.com\\\/wp-content\\\/uploads\\\/2025\\\/11\\\/Dos-camaras.png\",\"contentUrl\":\"https:\\\/\\\/oxybarica.com\\\/wp-content\\\/uploads\\\/2025\\\/11\\\/Dos-camaras.png\",\"width\":2560,\"height\":1919},{\"@type\":\"BreadcrumbList\",\"@id\":\"https:\\\/\\\/oxybarica.com\\\/en\\\/monoplace-hyperbaric-chambers\\\/#breadcrumb\",\"itemListElement\":[{\"@type\":\"ListItem\",\"position\":1,\"name\":\"Portada\",\"item\":\"https:\\\/\\\/oxybarica.com\\\/en\\\/home-2\\\/\"},{\"@type\":\"ListItem\",\"position\":2,\"name\":\"Monoplace Hyperbaric Chambers\"}]},{\"@type\":\"WebSite\",\"@id\":\"https:\\\/\\\/oxybarica.com\\\/#website\",\"url\":\"https:\\\/\\\/oxybarica.com\\\/\",\"name\":\"Oxybarica\",\"description\":\"Empresa espa\u00f1ola fabricante de c\u00e1maras hiperb\u00e1ricas\",\"publisher\":{\"@id\":\"https:\\\/\\\/oxybarica.com\\\/#organization\"},\"potentialAction\":[{\"@type\":\"SearchAction\",\"target\":{\"@type\":\"EntryPoint\",\"urlTemplate\":\"https:\\\/\\\/oxybarica.com\\\/?s={search_term_string}\"},\"query-input\":{\"@type\":\"PropertyValueSpecification\",\"valueRequired\":true,\"valueName\":\"search_term_string\"}}],\"inLanguage\":\"en-US\"},{\"@type\":\"Organization\",\"@id\":\"https:\\\/\\\/oxybarica.com\\\/#organization\",\"name\":\"Oxybarica\",\"url\":\"https:\\\/\\\/oxybarica.com\\\/\",\"logo\":{\"@type\":\"ImageObject\",\"inLanguage\":\"en-US\",\"@id\":\"https:\\\/\\\/oxybarica.com\\\/#\\\/schema\\\/logo\\\/image\\\/\",\"url\":\"https:\\\/\\\/oxybarica.com\\\/wp-content\\\/uploads\\\/2022\\\/05\\\/OXYBARICA-ING-WEB-2.jpg\",\"contentUrl\":\"https:\\\/\\\/oxybarica.com\\\/wp-content\\\/uploads\\\/2022\\\/05\\\/OXYBARICA-ING-WEB-2.jpg\",\"width\":1083,\"height\":414,\"caption\":\"Oxybarica\"},\"image\":{\"@id\":\"https:\\\/\\\/oxybarica.com\\\/#\\\/schema\\\/logo\\\/image\\\/\"},\"sameAs\":[\"https:\\\/\\\/www.facebook.com\\\/profile.php?id=100068342678018\",\"https:\\\/\\\/www.instagram.com\\\/oxybarica\\\/\"]}]}<\/script>\n<!-- \/ Yoast SEO plugin. -->","yoast_head_json":{"title":"Monoplace Hyperbaric Chambers - Oxybarica","description":"Discover our certified monoplace hyperbaric chambers, designed for safe and comfortable treatments.","robots":{"index":"index","follow":"follow","max-snippet":"max-snippet:-1","max-image-preview":"max-image-preview:large","max-video-preview":"max-video-preview:-1"},"canonical":"https:\/\/oxybarica.com\/en\/monoplace-hyperbaric-chambers\/","og_locale":"en_US","og_type":"article","og_title":"Monoplace Hyperbaric Chambers - Oxybarica","og_description":"Discover our certified monoplace hyperbaric chambers, designed for safe and comfortable treatments.","og_url":"https:\/\/oxybarica.com\/en\/monoplace-hyperbaric-chambers\/","og_site_name":"Oxybarica","article_publisher":"https:\/\/www.facebook.com\/profile.php?id=100068342678018","article_modified_time":"2025-12-15T10:42:10+00:00","og_image":[{"width":1024,"height":768,"url":"https:\/\/oxybarica.com\/wp-content\/uploads\/2025\/11\/Dos-camaras-1024x768.png","type":"image\/png"}],"twitter_card":"summary_large_image","twitter_misc":{"Est. reading time":"1 minute"},"schema":{"@context":"https:\/\/schema.org","@graph":[{"@type":"WebPage","@id":"https:\/\/oxybarica.com\/en\/monoplace-hyperbaric-chambers\/","url":"https:\/\/oxybarica.com\/en\/monoplace-hyperbaric-chambers\/","name":"Monoplace Hyperbaric Chambers - Oxybarica","isPartOf":{"@id":"https:\/\/oxybarica.com\/#website"},"primaryImageOfPage":{"@id":"https:\/\/oxybarica.com\/en\/monoplace-hyperbaric-chambers\/#primaryimage"},"image":{"@id":"https:\/\/oxybarica.com\/en\/monoplace-hyperbaric-chambers\/#primaryimage"},"thumbnailUrl":"https:\/\/oxybarica.com\/wp-content\/uploads\/2025\/11\/Dos-camaras.png","datePublished":"2025-11-26T15:13:36+00:00","dateModified":"2025-12-15T10:42:10+00:00","description":"Discover our certified monoplace hyperbaric chambers, designed for safe and comfortable treatments.","breadcrumb":{"@id":"https:\/\/oxybarica.com\/en\/monoplace-hyperbaric-chambers\/#breadcrumb"},"inLanguage":"en-US","potentialAction":[{"@type":"ReadAction","target":["https:\/\/oxybarica.com\/en\/monoplace-hyperbaric-chambers\/"]}]},{"@type":"ImageObject","inLanguage":"en-US","@id":"https:\/\/oxybarica.com\/en\/monoplace-hyperbaric-chambers\/#primaryimage","url":"https:\/\/oxybarica.com\/wp-content\/uploads\/2025\/11\/Dos-camaras.png","contentUrl":"https:\/\/oxybarica.com\/wp-content\/uploads\/2025\/11\/Dos-camaras.png","width":2560,"height":1919},{"@type":"BreadcrumbList","@id":"https:\/\/oxybarica.com\/en\/monoplace-hyperbaric-chambers\/#breadcrumb","itemListElement":[{"@type":"ListItem","position":1,"name":"Portada","item":"https:\/\/oxybarica.com\/en\/home-2\/"},{"@type":"ListItem","position":2,"name":"Monoplace Hyperbaric Chambers"}]},{"@type":"WebSite","@id":"https:\/\/oxybarica.com\/#website","url":"https:\/\/oxybarica.com\/","name":"Oxybarica","description":"Empresa espa\u00f1ola fabricante de c\u00e1maras hiperb\u00e1ricas","publisher":{"@id":"https:\/\/oxybarica.com\/#organization"},"potentialAction":[{"@type":"SearchAction","target":{"@type":"EntryPoint","urlTemplate":"https:\/\/oxybarica.com\/?s={search_term_string}"},"query-input":{"@type":"PropertyValueSpecification","valueRequired":true,"valueName":"search_term_string"}}],"inLanguage":"en-US"},{"@type":"Organization","@id":"https:\/\/oxybarica.com\/#organization","name":"Oxybarica","url":"https:\/\/oxybarica.com\/","logo":{"@type":"ImageObject","inLanguage":"en-US","@id":"https:\/\/oxybarica.com\/#\/schema\/logo\/image\/","url":"https:\/\/oxybarica.com\/wp-content\/uploads\/2022\/05\/OXYBARICA-ING-WEB-2.jpg","contentUrl":"https:\/\/oxybarica.com\/wp-content\/uploads\/2022\/05\/OXYBARICA-ING-WEB-2.jpg","width":1083,"height":414,"caption":"Oxybarica"},"image":{"@id":"https:\/\/oxybarica.com\/#\/schema\/logo\/image\/"},"sameAs":["https:\/\/www.facebook.com\/profile.php?id=100068342678018","https:\/\/www.instagram.com\/oxybarica\/"]}]}},"_links":{"self":[{"href":"https:\/\/oxybarica.com\/en\/wp-json\/wp\/v2\/pages\/34223","targetHints":{"allow":["GET"]}}],"collection":[{"href":"https:\/\/oxybarica.com\/en\/wp-json\/wp\/v2\/pages"}],"about":[{"href":"https:\/\/oxybarica.com\/en\/wp-json\/wp\/v2\/types\/page"}],"author":[{"embeddable":true,"href":"https:\/\/oxybarica.com\/en\/wp-json\/wp\/v2\/users\/7"}],"replies":[{"embeddable":true,"href":"https:\/\/oxybarica.com\/en\/wp-json\/wp\/v2\/comments?post=34223"}],"version-history":[{"count":8,"href":"https:\/\/oxybarica.com\/en\/wp-json\/wp\/v2\/pages\/34223\/revisions"}],"predecessor-version":[{"id":34463,"href":"https:\/\/oxybarica.com\/en\/wp-json\/wp\/v2\/pages\/34223\/revisions\/34463"}],"wp:featuredmedia":[{"embeddable":true,"href":"https:\/\/oxybarica.com\/en\/wp-json\/wp\/v2\/media\/34085"}],"wp:attachment":[{"href":"https:\/\/oxybarica.com\/en\/wp-json\/wp\/v2\/media?parent=34223"}],"curies":[{"name":"wp","href":"https:\/\/api.w.org\/{rel}","templated":true}]}}